{"id":141,"date":"2020-04-02T09:41:01","date_gmt":"2020-04-02T07:41:01","guid":{"rendered":"http:\/\/veroniquejoubert.com\/?page_id=141"},"modified":"2024-03-11T15:27:39","modified_gmt":"2024-03-11T14:27:39","slug":"coaching-individuel","status":"publish","type":"page","link":"https:\/\/veroniquejoubert.com\/index.php\/coaching-individuel\/","title":{"rendered":"Coaching individuel"},"content":{"rendered":"\n<p>Je me sp\u00e9cialise depuis plusieurs ann\u00e9es dans les diverses probl\u00e9matiques qui peuvent \u00eatre rencontr\u00e9es dans le cadre de l\u2019activit\u00e9 professionnelle.<\/p>\n\n\n\n<p>Je coache tous les professionnels qui se retrouvent en proie \u00e0 des questions fondamentales ou \u00e0 des obstacles dans le cadre de leur profession.<\/p>\n\n\n\n<p>Qu\u2019il s\u2019agisse, par exemple, de&nbsp;:<\/p>\n\n\n\n<ul class=\"wp-block-list\">\n<li>Faire un bilan de carri\u00e8re et\/ou un bilan de comp\u00e9tences&nbsp;;<\/li>\n\n\n\n<li>S\u2019orienter ou se r\u00e9orienter&nbsp;(\u00e9tudes\/ carri\u00e8re);<\/li>\n\n\n\n<li>Mieux se conna\u00eetre  pour mieux interagir avec son \u00e9quipe, son responsable, ses coll\u00e8gues et diminuer les conflits;<\/li>\n\n\n\n<li>S\u2019\u00e9loigner de l\u2019\u00e9puisement professionnel&nbsp;;<\/li>\n\n\n\n<li>(Re)Trouver un \u00e9quilibre dans sa vie professionnelle&nbsp;;<\/li>\n\n\n\n<li>Prendre une nouvelle fonction&nbsp;;<\/li>\n\n\n\n<li>D\u00e9velopper ses capacit\u00e9s de leader;<\/li>\n\n\n\n<li>Etc\u2026<\/li>\n<\/ul>\n\n\n\n<p>Je propose un accompagnement sur mesure, en fonction des<strong>&nbsp;objectifs<\/strong>&nbsp;et <strong>des besoins personnalis\u00e9s de chacun<\/strong>.<\/p>\n\n\n\n<p><strong>La formule de coaching \u201c\u00e0 la carte\u201d, c\u2019est par s\u00e9ances d\u2019une ou deux heures \u00e0 intervalles r\u00e9guliers :<\/strong><\/p>\n\n\n\n<ul class=\"wp-block-list\">\n<li>Un petit coup de pouce (1 ou 2 s\u00e9ances pour vous \u201cremettre en selle\u201d);<\/li>\n\n\n\n<li>Un accompagnement de quelques s\u00e9ances (exemples : clarification de vos objectifs professionnels, connaissance de soi (MBTI), bilan de comp\u00e9tences, confiance en soi, d\u00e9veloppement de pistes d\u2019orientations professionnelles, etc);<\/li>\n\n\n\n<li>Un accompagnement de A \u00e0 Z dans un (re)-positionnement professionnel.<\/li>\n<\/ul>\n\n\n\n<p>Je vous accueille soit dans mon cabinet \u00e0 Woluw\u00e9-Saint-Lambert (La Maison du Mieux-\u00eatre \u00e0 Bruxelles &#8211; m\u00e9tro Tomberg) soit \u00e0 Anderlecht ou bien je vous propose une s\u00e9ance virtuelle (MSTeams, Zoom ou autre). Je me d\u00e9place pour coacher en entreprise lorsque cela est demand\u00e9.<\/p>\n\n\n\n<p><a href=\"https:\/\/veroniquejoubert.com\/index.php\/references\/\" data-type=\"URL\" data-id=\"https:\/\/veroniquejoubert.com\/index.php\/references\/\" target=\"_blank\" rel=\"noreferrer noopener\">R\u00e9f\u00e9rences<\/a><br><\/p>\n","protected":false},"excerpt":{"rendered":"<p>Je me sp\u00e9cialise depuis plusieurs ann\u00e9es dans les diverses probl\u00e9matiques qui peuvent \u00eatre rencontr\u00e9es dans le cadre de l\u2019activit\u00e9 professionnelle. Je coache tous les professionnels qui se retrouvent en proie \u00e0 des questions fondamentales ou \u00e0 des obstacles dans le cadre de leur profession. Qu\u2019il s\u2019agisse, par exemple, de&nbsp;: Je propose un accompagnement sur mesure, &hellip; <\/p>\n<p class=\"link-more\"><a href=\"https:\/\/veroniquejoubert.com\/index.php\/coaching-individuel\/\" class=\"more-link\">Continuer la lecture<span class=\"screen-reader-text\"> de &laquo;&nbsp;Coaching individuel&nbsp;&raquo;<\/span><\/a><\/p>\n","protected":false},"author":1,"featured_media":0,"parent":0,"menu_order":0,"comment_status":"closed","ping_status":"closed","template":"","meta":{"footnotes":""},"class_list":["post-141","page","type-page","status-publish","hentry"],"yoast_head":"<!-- This site is optimized with the Yoast SEO plugin v27.4 - https:\/\/yoast.com\/product\/yoast-seo-wordpress\/ -->\n<title>V\u00e9ronique JoubertCoaching individuel - V\u00e9ronique Joubert<\/title>\n<meta name=\"description\" content=\"Passionn\u00e9e par l\u2019Humain, son d\u00e9veloppement et son \u00e9quilibre, je suis form\u00e9e en gestion des ressources humaines (ICHEC Brussels Management School), certifi\u00e9e en leadership et communication (Dale Carnegie), certifi\u00e9e en questionnaire de personnalit\u00e9 (MBTI), et form\u00e9e au coaching (CFIP).\" \/>\n<meta name=\"robots\" content=\"index, follow, max-snippet:-1, max-image-preview:large, max-video-preview:-1\" \/>\n<link rel=\"canonical\" href=\"https:\/\/veroniquejoubert.com\/index.php\/coaching-individuel\/\" \/>\n<meta property=\"og:locale\" content=\"fr_FR\" \/>\n<meta property=\"og:type\" content=\"article\" \/>\n<meta property=\"og:title\" content=\"V\u00e9ronique JoubertCoaching individuel - V\u00e9ronique Joubert\" \/>\n<meta property=\"og:description\" content=\"Passionn\u00e9e par l\u2019Humain, son d\u00e9veloppement et son \u00e9quilibre, je suis form\u00e9e en gestion des ressources humaines (ICHEC Brussels Management School), certifi\u00e9e en leadership et communication (Dale Carnegie), certifi\u00e9e en questionnaire de personnalit\u00e9 (MBTI), et form\u00e9e au coaching (CFIP).\" \/>\n<meta property=\"og:url\" content=\"https:\/\/veroniquejoubert.com\/index.php\/coaching-individuel\/\" \/>\n<meta property=\"og:site_name\" content=\"V\u00e9ronique Joubert\" \/>\n<meta property=\"article:modified_time\" content=\"2024-03-11T14:27:39+00:00\" \/>\n<meta name=\"twitter:card\" content=\"summary_large_image\" \/>\n<meta name=\"twitter:label1\" content=\"Dur\u00e9e de lecture estim\u00e9e\" \/>\n\t<meta name=\"twitter:data1\" content=\"2 minutes\" \/>\n<script type=\"application\/ld+json\" class=\"yoast-schema-graph\">{\"@context\":\"https:\\\/\\\/schema.org\",\"@graph\":[{\"@type\":\"WebPage\",\"@id\":\"https:\\\/\\\/veroniquejoubert.com\\\/index.php\\\/coaching-individuel\\\/\",\"url\":\"https:\\\/\\\/veroniquejoubert.com\\\/index.php\\\/coaching-individuel\\\/\",\"name\":\"V\u00e9ronique JoubertCoaching individuel - V\u00e9ronique Joubert\",\"isPartOf\":{\"@id\":\"https:\\\/\\\/veroniquejoubert.com\\\/#website\"},\"datePublished\":\"2020-04-02T07:41:01+00:00\",\"dateModified\":\"2024-03-11T14:27:39+00:00\",\"description\":\"Passionn\u00e9e par l\u2019Humain, son d\u00e9veloppement et son \u00e9quilibre, je suis form\u00e9e en gestion des ressources humaines (ICHEC Brussels Management School), certifi\u00e9e en leadership et communication (Dale Carnegie), certifi\u00e9e en questionnaire de personnalit\u00e9 (MBTI), et form\u00e9e au coaching (CFIP).\",\"breadcrumb\":{\"@id\":\"https:\\\/\\\/veroniquejoubert.com\\\/index.php\\\/coaching-individuel\\\/#breadcrumb\"},\"inLanguage\":\"fr-FR\",\"potentialAction\":[{\"@type\":\"ReadAction\",\"target\":[\"https:\\\/\\\/veroniquejoubert.com\\\/index.php\\\/coaching-individuel\\\/\"]}]},{\"@type\":\"BreadcrumbList\",\"@id\":\"https:\\\/\\\/veroniquejoubert.com\\\/index.php\\\/coaching-individuel\\\/#breadcrumb\",\"itemListElement\":[{\"@type\":\"ListItem\",\"position\":1,\"name\":\"Accueil\",\"item\":\"https:\\\/\\\/veroniquejoubert.com\\\/\"},{\"@type\":\"ListItem\",\"position\":2,\"name\":\"Coaching individuel\"}]},{\"@type\":\"WebSite\",\"@id\":\"https:\\\/\\\/veroniquejoubert.com\\\/#website\",\"url\":\"https:\\\/\\\/veroniquejoubert.com\\\/\",\"name\":\"V\u00e9ronique Joubert\",\"description\":\"\",\"publisher\":{\"@id\":\"https:\\\/\\\/veroniquejoubert.com\\\/#organization\"},\"potentialAction\":[{\"@type\":\"SearchAction\",\"target\":{\"@type\":\"EntryPoint\",\"urlTemplate\":\"https:\\\/\\\/veroniquejoubert.com\\\/?s={search_term_string}\"},\"query-input\":{\"@type\":\"PropertyValueSpecification\",\"valueRequired\":true,\"valueName\":\"search_term_string\"}}],\"inLanguage\":\"fr-FR\"},{\"@type\":\"Organization\",\"@id\":\"https:\\\/\\\/veroniquejoubert.com\\\/#organization\",\"name\":\"V\u00e9ronique Joubert\",\"url\":\"https:\\\/\\\/veroniquejoubert.com\\\/\",\"logo\":{\"@type\":\"ImageObject\",\"inLanguage\":\"fr-FR\",\"@id\":\"https:\\\/\\\/veroniquejoubert.com\\\/#\\\/schema\\\/logo\\\/image\\\/\",\"url\":\"https:\\\/\\\/veroniquejoubert.com\\\/wp-content\\\/uploads\\\/2020\\\/02\\\/cropped-20191227_VJ_Charte_LOGO_VECTO_WHITE-1.png\",\"contentUrl\":\"https:\\\/\\\/veroniquejoubert.com\\\/wp-content\\\/uploads\\\/2020\\\/02\\\/cropped-20191227_VJ_Charte_LOGO_VECTO_WHITE-1.png\",\"width\":3476,\"height\":250,\"caption\":\"V\u00e9ronique Joubert\"},\"image\":{\"@id\":\"https:\\\/\\\/veroniquejoubert.com\\\/#\\\/schema\\\/logo\\\/image\\\/\"}}]}<\/script>\n<!-- \/ Yoast SEO plugin. -->","yoast_head_json":{"title":"V\u00e9ronique JoubertCoaching individuel - V\u00e9ronique Joubert","description":"Passionn\u00e9e par l\u2019Humain, son d\u00e9veloppement et son \u00e9quilibre, je suis form\u00e9e en gestion des ressources humaines (ICHEC Brussels Management School), certifi\u00e9e en leadership et communication (Dale Carnegie), certifi\u00e9e en questionnaire de personnalit\u00e9 (MBTI), et form\u00e9e au coaching (CFIP).","robots":{"index":"index","follow":"follow","max-snippet":"max-snippet:-1","max-image-preview":"max-image-preview:large","max-video-preview":"max-video-preview:-1"},"canonical":"https:\/\/veroniquejoubert.com\/index.php\/coaching-individuel\/","og_locale":"fr_FR","og_type":"article","og_title":"V\u00e9ronique JoubertCoaching individuel - V\u00e9ronique Joubert","og_description":"Passionn\u00e9e par l\u2019Humain, son d\u00e9veloppement et son \u00e9quilibre, je suis form\u00e9e en gestion des ressources humaines (ICHEC Brussels Management School), certifi\u00e9e en leadership et communication (Dale Carnegie), certifi\u00e9e en questionnaire de personnalit\u00e9 (MBTI), et form\u00e9e au coaching (CFIP).","og_url":"https:\/\/veroniquejoubert.com\/index.php\/coaching-individuel\/","og_site_name":"V\u00e9ronique Joubert","article_modified_time":"2024-03-11T14:27:39+00:00","twitter_card":"summary_large_image","twitter_misc":{"Dur\u00e9e de lecture estim\u00e9e":"2 minutes"},"schema":{"@context":"https:\/\/schema.org","@graph":[{"@type":"WebPage","@id":"https:\/\/veroniquejoubert.com\/index.php\/coaching-individuel\/","url":"https:\/\/veroniquejoubert.com\/index.php\/coaching-individuel\/","name":"V\u00e9ronique JoubertCoaching individuel - V\u00e9ronique Joubert","isPartOf":{"@id":"https:\/\/veroniquejoubert.com\/#website"},"datePublished":"2020-04-02T07:41:01+00:00","dateModified":"2024-03-11T14:27:39+00:00","description":"Passionn\u00e9e par l\u2019Humain, son d\u00e9veloppement et son \u00e9quilibre, je suis form\u00e9e en gestion des ressources humaines (ICHEC Brussels Management School), certifi\u00e9e en leadership et communication (Dale Carnegie), certifi\u00e9e en questionnaire de personnalit\u00e9 (MBTI), et form\u00e9e au coaching (CFIP).","breadcrumb":{"@id":"https:\/\/veroniquejoubert.com\/index.php\/coaching-individuel\/#breadcrumb"},"inLanguage":"fr-FR","potentialAction":[{"@type":"ReadAction","target":["https:\/\/veroniquejoubert.com\/index.php\/coaching-individuel\/"]}]},{"@type":"BreadcrumbList","@id":"https:\/\/veroniquejoubert.com\/index.php\/coaching-individuel\/#breadcrumb","itemListElement":[{"@type":"ListItem","position":1,"name":"Accueil","item":"https:\/\/veroniquejoubert.com\/"},{"@type":"ListItem","position":2,"name":"Coaching individuel"}]},{"@type":"WebSite","@id":"https:\/\/veroniquejoubert.com\/#website","url":"https:\/\/veroniquejoubert.com\/","name":"V\u00e9ronique Joubert","description":"","publisher":{"@id":"https:\/\/veroniquejoubert.com\/#organization"},"potentialAction":[{"@type":"SearchAction","target":{"@type":"EntryPoint","urlTemplate":"https:\/\/veroniquejoubert.com\/?s={search_term_string}"},"query-input":{"@type":"PropertyValueSpecification","valueRequired":true,"valueName":"search_term_string"}}],"inLanguage":"fr-FR"},{"@type":"Organization","@id":"https:\/\/veroniquejoubert.com\/#organization","name":"V\u00e9ronique Joubert","url":"https:\/\/veroniquejoubert.com\/","logo":{"@type":"ImageObject","inLanguage":"fr-FR","@id":"https:\/\/veroniquejoubert.com\/#\/schema\/logo\/image\/","url":"https:\/\/veroniquejoubert.com\/wp-content\/uploads\/2020\/02\/cropped-20191227_VJ_Charte_LOGO_VECTO_WHITE-1.png","contentUrl":"https:\/\/veroniquejoubert.com\/wp-content\/uploads\/2020\/02\/cropped-20191227_VJ_Charte_LOGO_VECTO_WHITE-1.png","width":3476,"height":250,"caption":"V\u00e9ronique Joubert"},"image":{"@id":"https:\/\/veroniquejoubert.com\/#\/schema\/logo\/image\/"}}]}},"_links":{"self":[{"href":"https:\/\/veroniquejoubert.com\/index.php\/wp-json\/wp\/v2\/pages\/141","targetHints":{"allow":["GET"]}}],"collection":[{"href":"https:\/\/veroniquejoubert.com\/index.php\/wp-json\/wp\/v2\/pages"}],"about":[{"href":"https:\/\/veroniquejoubert.com\/index.php\/wp-json\/wp\/v2\/types\/page"}],"author":[{"embeddable":true,"href":"https:\/\/veroniquejoubert.com\/index.php\/wp-json\/wp\/v2\/users\/1"}],"replies":[{"embeddable":true,"href":"https:\/\/veroniquejoubert.com\/index.php\/wp-json\/wp\/v2\/comments?post=141"}],"version-history":[{"count":7,"href":"https:\/\/veroniquejoubert.com\/index.php\/wp-json\/wp\/v2\/pages\/141\/revisions"}],"predecessor-version":[{"id":551,"href":"https:\/\/veroniquejoubert.com\/index.php\/wp-json\/wp\/v2\/pages\/141\/revisions\/551"}],"wp:attachment":[{"href":"https:\/\/veroniquejoubert.com\/index.php\/wp-json\/wp\/v2\/media?parent=141"}],"curies":[{"name":"wp","href":"https:\/\/api.w.org\/{rel}","templated":true}]}}