{"id":287,"date":"2021-09-16T09:56:56","date_gmt":"2021-09-16T07:56:56","guid":{"rendered":"https:\/\/veroniquejoubert.com\/?page_id=287"},"modified":"2024-04-28T19:37:58","modified_gmt":"2024-04-28T17:37:58","slug":"references","status":"publish","type":"page","link":"https:\/\/veroniquejoubert.com\/index.php\/references\/","title":{"rendered":"REFERENCES"},"content":{"rendered":"\n<p><span style=\"text-decoration: underline;\">REFERENCES &#8211; INTERIM MANAGEMENT<\/span><\/p>\n\n\n\n<p>\u00ab\u00a0I had the pleasure to work with Veronique during one year at Volvo Construction Equipment where she joined us as a HR Generalist. With lots of energy and enthusiasm Veronique always brought a positive vibe in the office. As a fast and eager learner, she easily acquired the necessary knowledge on new topics before diving into the details of those cases. With good project management skills, Veronique was able to put several new structures in place, including taking responsibilities for the administrative matters that come with these projects. By translating current tasks into procedures and policies, Veronique\u2019s long-term orientation helps the company to become more sustainable over time.\u00a0\u00bb<br>Marie-Pierre, VP HR Management , <strong>Volvo Construction Equipement<\/strong><\/p>\n\n\n\n<p>\u00ab\u00a0Je souhaitais simplement t\u00e9moigner de la grande satisfaction des \u00e9quipes qui ont eu le plaisir de travailler avec V\u00e9ronique chez Unilever dans le &nbsp;cadre de sa mission chez nous. V\u00e9ronique s\u2019est tr\u00e8s vite int\u00e9gr\u00e9e dans l\u2019\u00e9quipe HR mais a aussi bien pris en compte la complexit\u00e9 de notre organisation matricielle pour effectuer au mieux sa mission. Elle a amen\u00e9 beaucoup de structure et de discipline \u00e0 notre process de recrutement tout en s\u2019assurant la compliance avec nos outils internes. Elle&nbsp; a aussi amen\u00e9 beaucoup de valeur ajout\u00e9e gr\u00e2ce \u00e0 son exp\u00e9rience dans le domaine et l\u2019accompagnement des managers.\u00a0\u00bb<\/p>\n\n\n\n<p>Sophie, General Manager <strong>Unilever Belux<\/strong><\/p>\n\n\n\n<p><span style=\"text-decoration: underline;\">REFERENCES COACHING<\/span><\/p>\n\n\n\n<p>\u00ab\u00a0Gr\u00e2ce \u00e0 ce coaching, j\u2019ai pris confiance en moi et en mes capacit\u00e9s tout en d\u00e9veloppant concr\u00e8tement mes comp\u00e9tences manag\u00e9riales.\u00a0\u00bb<br>Victoria, <strong>Directrice-adjointe<\/strong><\/p>\n\n\n\n<p>\u00ab\u00a0Je ne voyais pas le bout du tunnel \u00e0 propos des difficult\u00e9s professionnelles auxquelles je faisais face. Les quelques s\u00e9ances de coaching m\u2019ont permis de prendre du recul, comprendre ce qui \u00e9tait en jeu et trouver en moi-m\u00eame les solutions pour en sortir, gr\u00e2ce \u00e0 l\u2019 \u00e9coute attentive et bienveillante de V\u00e9ronique.\u201d <br>Marcel, <strong>Directeur<\/strong><\/p>\n\n\n\n<p>\u00ab\u00a0Je suis devenu le manager de mes coll\u00e8gues et mes d\u00e9buts n\u2019ont pas \u00e9t\u00e9 faciles. Gr\u00e2ce \u00e0 quelques s\u00e9ances de coaching avec V\u00e9ronique, j\u2019ai surmont\u00e9 mes difficult\u00e9s, repris confiance en mes capacit\u00e9s de g\u00e9rer une \u00e9quipe. Gr\u00e2ce aux exercices et outils propos\u00e9s par V\u00e9ronique, j\u2019ai trouv\u00e9 des solutions que j\u2019utilise encore aujourd\u2019hui pour r\u00e9gler les probl\u00e8mes inh\u00e9rents \u00e0 ma nouvelle fonction.\u00a0\u00bb <br>Isabelle, <strong>Manager<\/strong><\/p>\n\n\n\n<p>\u00ab\u00a0J\u2019ai fait appel \u00e0 V\u00e9ronique Joubert sur recommendation d\u2019une amie , HR Business Partner dans un grand groupe international et qui avait eu l\u2019occasion de travailler avec elle. D\u00e8s notre premi\u00e8re rencontre, V\u00e9ronique a \u00e9t\u00e9 tr\u00e8s \u00e0 l\u2019\u00e9coute et a insist\u00e9 sur l\u2019importance qu\u2019il y avait d\u2019avoir une vraie alchimie entre coach et coach\u00e9e pour que les progr\u00e8s soient tangibles. L\u2019alchimie a \u00e9t\u00e9 telle que nous avons travaill\u00e9 ensemble sur 9 mois en utilisant des outils tr\u00e8s concrets et r\u00e9-utilisables au quotidien qui me permettent aujourd\u2019hui de g\u00e9rer les situations de \u201csurcharge\u201d. C\u2019est gr\u00e2ce \u00e0 V\u00e9ronique que j\u2019ai compris mes \u201clogiciels\u201d de fonctionnement personnels dans les sph\u00e8res professionnelle, familiale et amicale et qui font que j\u2019\u00e9tais arriv\u00e9e \u00e0 ce sentiment de surmenage. En connaissant ces logiciels, j\u2019ai pu n\u2019en garder que les bons \u00e9l\u00e9ments et me d\u00e9barrasser des mauvais gr\u00e2ce aux outils procur\u00e9s par V\u00e9ronique. 10\/10!\u00a0\u00bb<br>Betty, <strong>Directrice Commerciale Europe\/Am\u00e9rique Latine.<\/strong><\/p>\n\n\n\n<p>\u201cBonjour V\u00e9ronique,&nbsp;encore merci pour le coaching de l\u2019an dernier qui m\u2019a bien aid\u00e9! Entretemps, je fais maintenant partie du comit\u00e9 de management et j\u2019ai \u00e9t\u00e9 promu. J\u2019en suis tr\u00e8s satisfait.\u201d <br>Antoine<strong>, Digital marketing manager dans le secteur automobile<\/strong><\/p>\n\n\n\n<p>J\u2019ai entrepris un trajet de coaching car je n\u2019arrivais plus \u00e0 m\u2019\u00e9panouir dans mon job. J\u2019avais beaucoup de frustrations et j\u2019 avais perdu confiance en mes capacit\u00e9s. J\u2019\u00e9tais extr\u00eamement stress\u00e9e. Dans ces moments l\u00e0, on a pas forc\u00e9ment besoin que quelqu\u2019un nous dicte les r\u00e9ponses mais plut\u00f4t d\u2019une personne qui nous pose les bonnes questions pour nous aider \u00e0 conscientiser ce qui se passe.&nbsp;J\u2019\u00e9tais venue chez V\u00e9ronique avec l\u2019objectif de m\u2019aider \u00e0 trouver de nouvelles opportunit\u00e9s professionnelles qui me correspondraient mieux. V\u00e9ronique a pris la situation dans le bon ordre : elle m\u2019a aid\u00e9 \u00e0 d\u00e9finir ce qui me frustrait, ce qu\u2019est un environment stimulant pour moi, ce que je recherche comme crit\u00e8res importants pour \u00eatre \u00e9panouie. Nous avons creus\u00e9 mes forces gr\u00e2ce \u00e0 quelques outils. Nous avons d\u00e9fini des types de fonction qui utilisent ces forces et le style d\u2019entreprise qui pourrait \u00eatre b\u00e9n\u00e9fique pour moi. Il s\u2019av\u00e8re qu\u2019\u00e0 la fin du trajet de coaching, l\u2019environnement de mon travail \u00e9tait devenu plus serein. J\u2019ai propos\u00e9 cette nouvelle fonction \u00e0 ma direction avec l\u2019ensemble de la r\u00e9flexion pr\u00e9par\u00e9e avec V\u00e9ronique . Je suis contente de dire que j\u2019occupe d\u00e9sormais ce poste o\u00f9 je me sens beaucoup mieux. Le trajet a pris 5 ou 6 s\u00e9ances de coaching. Il y a eu beaucoup de r\u00e9flexions personnelles interm\u00e9diaires gr\u00e2ce aux exercices entre les s\u00e9ances. Je n\u2019h\u00e9siterai pas \u00e0 me faire aider de nouveau lorsque le chemin sera encore sem\u00e9 de doutes ! Merci ! <br>H\u00e9l\u00e8ne, <strong>Chief Operating Officer<\/strong>, PME<\/p>\n\n\n\n<p>Je recommande vivement V\u00e9ronique pour son accompagnement exceptionnel lors de mon parcours de coaching et formation manag\u00e9riale. Sa capacit\u00e9 \u00e0 \u00e9tablir une relation de confiance et son suivi personnalis\u00e9 ont grandement contribu\u00e9 \u00e0 ma r\u00e9ussite dans ma nouvelle fonction. Son professionnalisme et son expertise ont \u00e9t\u00e9 des atouts pr\u00e9cieux tout au long du processus. Gr\u00e2ce \u00e0 ses conseils \u00e9clair\u00e9s et son soutien constant, j&rsquo;ai pu d\u00e9velopper mes comp\u00e9tences manag\u00e9riales de mani\u00e8re significative et me sentir aujourd&rsquo;hui \u00e0 ma place.&nbsp;<br>Isabelle, <strong>Manager<\/strong>, secteur hospitalier<\/p>\n\n\n\n<p><span style=\"text-decoration: underline;\">REFERENCES (questionnaire de personnalit\u00e9 + debriefing M.B.T.I.)<\/span><\/p>\n\n\n\n<p><\/p>\n\n\n\n<p>\u00ab\u00a0La passation du questionnaire MBTI et la s\u00e9ance de debriefing m\u2019ont aid\u00e9 \u00e0 avoir une meilleure compr\u00e9hension des pr\u00e9f\u00e9rences qui composent ma personnalit\u00e9. Je comprends mieux les diff\u00e9rences avec les personnalit\u00e9s des personnes avec lesquelles je collabore et je peux adapter mon comportement au lieu d\u2019entrer en conflit, par exemple en montrant de l\u2019empathie.\u00a0\u00bb<br>Mathieu, <strong>\u00e9tudiant<\/strong> \u00e0 l\u2019ICHEC<\/p>\n\n\n\n<p>La passation du questionnaire de personalit\u00e9 MBTI puis son debriefing personalis\u00e9 avec V\u00e9ronique m&rsquo;ont confort\u00e9 sur un certain nombre d\u2019aspects de ma personnalit\u00e9 que je pressentais de fa\u00e7on diffuse. Cel\u00e0&nbsp;m&rsquo;a \u00e9galement permis de m\u2019autoriser&nbsp;certaines attitudes que j&rsquo;h\u00e9sitais parfois \u00e0 adopter. Pour faire bref, la s\u00e9ance m&rsquo;a permis de bien mieux me conna\u00eetre et donc d&rsquo;appliquer le pr\u00e9cepte de Socrate \u00ab\u00a0connais-toi toi-m\u00eame\u00a0\u00bb.&nbsp;<br>Nicolas, <strong>expert ind\u00e9pendant<\/strong><\/p>\n\n\n\n<p>MBTI : une belle d\u00e9couverte de mon ADN de personnalit\u00e9, mes forces naturelles et mes domaines de progression. Le r\u00e9sultat m&rsquo;a bluff\u00e9. Il renforce ma confiance en moi et me donne les outils pour mieux interagir avec les autres surtout avec ceux qui ont une approche tr\u00e8s diff\u00e9rente de moi. un grand merci.<\/p>\n\n\n\n<p>Caroline, <strong>m\u00e9decin<\/strong><\/p>\n","protected":false},"excerpt":{"rendered":"<p>REFERENCES &#8211; INTERIM MANAGEMENT \u00ab\u00a0I had the pleasure to work with Veronique during one year at Volvo Construction Equipment where she joined us as a HR Generalist. With lots of energy and enthusiasm Veronique always brought a positive vibe in the office. As a fast and eager learner, she easily acquired the necessary knowledge on &hellip; <\/p>\n<p class=\"link-more\"><a href=\"https:\/\/veroniquejoubert.com\/index.php\/references\/\" class=\"more-link\">Continuer la lecture<span class=\"screen-reader-text\"> de &laquo;&nbsp;REFERENCES&nbsp;&raquo;<\/span><\/a><\/p>\n","protected":false},"author":1,"featured_media":0,"parent":0,"menu_order":0,"comment_status":"closed","ping_status":"closed","template":"","meta":{"footnotes":""},"class_list":["post-287","page","type-page","status-publish","hentry"],"yoast_head":"<!-- This site is optimized with the Yoast SEO plugin v27.4 - https:\/\/yoast.com\/product\/yoast-seo-wordpress\/ -->\n<title>V\u00e9ronique JoubertREFERENCES - V\u00e9ronique Joubert<\/title>\n<meta name=\"description\" content=\"Passionn\u00e9e par l\u2019Humain, son d\u00e9veloppement et son \u00e9quilibre, je suis form\u00e9e en gestion des ressources humaines (ICHEC Brussels Management School), certifi\u00e9e en leadership et communication (Dale Carnegie), certifi\u00e9e en questionnaire de personnalit\u00e9 (MBTI), et form\u00e9e au coaching (CFIP).\" \/>\n<meta name=\"robots\" content=\"index, follow, max-snippet:-1, max-image-preview:large, max-video-preview:-1\" \/>\n<link rel=\"canonical\" href=\"https:\/\/veroniquejoubert.com\/index.php\/references\/\" \/>\n<meta property=\"og:locale\" content=\"fr_FR\" \/>\n<meta property=\"og:type\" content=\"article\" \/>\n<meta property=\"og:title\" content=\"V\u00e9ronique JoubertREFERENCES - V\u00e9ronique Joubert\" \/>\n<meta property=\"og:description\" content=\"Passionn\u00e9e par l\u2019Humain, son d\u00e9veloppement et son \u00e9quilibre, je suis form\u00e9e en gestion des ressources humaines (ICHEC Brussels Management School), certifi\u00e9e en leadership et communication (Dale Carnegie), certifi\u00e9e en questionnaire de personnalit\u00e9 (MBTI), et form\u00e9e au coaching (CFIP).\" \/>\n<meta property=\"og:url\" content=\"https:\/\/veroniquejoubert.com\/index.php\/references\/\" \/>\n<meta property=\"og:site_name\" content=\"V\u00e9ronique Joubert\" \/>\n<meta property=\"article:modified_time\" content=\"2024-04-28T17:37:58+00:00\" \/>\n<meta name=\"twitter:card\" content=\"summary_large_image\" \/>\n<meta name=\"twitter:label1\" content=\"Dur\u00e9e de lecture estim\u00e9e\" \/>\n\t<meta name=\"twitter:data1\" content=\"6 minutes\" \/>\n<script type=\"application\/ld+json\" class=\"yoast-schema-graph\">{\"@context\":\"https:\\\/\\\/schema.org\",\"@graph\":[{\"@type\":\"WebPage\",\"@id\":\"https:\\\/\\\/veroniquejoubert.com\\\/index.php\\\/references\\\/\",\"url\":\"https:\\\/\\\/veroniquejoubert.com\\\/index.php\\\/references\\\/\",\"name\":\"V\u00e9ronique JoubertREFERENCES - V\u00e9ronique Joubert\",\"isPartOf\":{\"@id\":\"https:\\\/\\\/veroniquejoubert.com\\\/#website\"},\"datePublished\":\"2021-09-16T07:56:56+00:00\",\"dateModified\":\"2024-04-28T17:37:58+00:00\",\"description\":\"Passionn\u00e9e par l\u2019Humain, son d\u00e9veloppement et son \u00e9quilibre, je suis form\u00e9e en gestion des ressources humaines (ICHEC Brussels Management School), certifi\u00e9e en leadership et communication (Dale Carnegie), certifi\u00e9e en questionnaire de personnalit\u00e9 (MBTI), et form\u00e9e au coaching (CFIP).\",\"breadcrumb\":{\"@id\":\"https:\\\/\\\/veroniquejoubert.com\\\/index.php\\\/references\\\/#breadcrumb\"},\"inLanguage\":\"fr-FR\",\"potentialAction\":[{\"@type\":\"ReadAction\",\"target\":[\"https:\\\/\\\/veroniquejoubert.com\\\/index.php\\\/references\\\/\"]}]},{\"@type\":\"BreadcrumbList\",\"@id\":\"https:\\\/\\\/veroniquejoubert.com\\\/index.php\\\/references\\\/#breadcrumb\",\"itemListElement\":[{\"@type\":\"ListItem\",\"position\":1,\"name\":\"Accueil\",\"item\":\"https:\\\/\\\/veroniquejoubert.com\\\/\"},{\"@type\":\"ListItem\",\"position\":2,\"name\":\"REFERENCES\"}]},{\"@type\":\"WebSite\",\"@id\":\"https:\\\/\\\/veroniquejoubert.com\\\/#website\",\"url\":\"https:\\\/\\\/veroniquejoubert.com\\\/\",\"name\":\"V\u00e9ronique Joubert\",\"description\":\"\",\"publisher\":{\"@id\":\"https:\\\/\\\/veroniquejoubert.com\\\/#organization\"},\"potentialAction\":[{\"@type\":\"SearchAction\",\"target\":{\"@type\":\"EntryPoint\",\"urlTemplate\":\"https:\\\/\\\/veroniquejoubert.com\\\/?s={search_term_string}\"},\"query-input\":{\"@type\":\"PropertyValueSpecification\",\"valueRequired\":true,\"valueName\":\"search_term_string\"}}],\"inLanguage\":\"fr-FR\"},{\"@type\":\"Organization\",\"@id\":\"https:\\\/\\\/veroniquejoubert.com\\\/#organization\",\"name\":\"V\u00e9ronique Joubert\",\"url\":\"https:\\\/\\\/veroniquejoubert.com\\\/\",\"logo\":{\"@type\":\"ImageObject\",\"inLanguage\":\"fr-FR\",\"@id\":\"https:\\\/\\\/veroniquejoubert.com\\\/#\\\/schema\\\/logo\\\/image\\\/\",\"url\":\"https:\\\/\\\/veroniquejoubert.com\\\/wp-content\\\/uploads\\\/2020\\\/02\\\/cropped-20191227_VJ_Charte_LOGO_VECTO_WHITE-1.png\",\"contentUrl\":\"https:\\\/\\\/veroniquejoubert.com\\\/wp-content\\\/uploads\\\/2020\\\/02\\\/cropped-20191227_VJ_Charte_LOGO_VECTO_WHITE-1.png\",\"width\":3476,\"height\":250,\"caption\":\"V\u00e9ronique Joubert\"},\"image\":{\"@id\":\"https:\\\/\\\/veroniquejoubert.com\\\/#\\\/schema\\\/logo\\\/image\\\/\"}}]}<\/script>\n<!-- \/ Yoast SEO plugin. -->","yoast_head_json":{"title":"V\u00e9ronique JoubertREFERENCES - V\u00e9ronique Joubert","description":"Passionn\u00e9e par l\u2019Humain, son d\u00e9veloppement et son \u00e9quilibre, je suis form\u00e9e en gestion des ressources humaines (ICHEC Brussels Management School), certifi\u00e9e en leadership et communication (Dale Carnegie), certifi\u00e9e en questionnaire de personnalit\u00e9 (MBTI), et form\u00e9e au coaching (CFIP).","robots":{"index":"index","follow":"follow","max-snippet":"max-snippet:-1","max-image-preview":"max-image-preview:large","max-video-preview":"max-video-preview:-1"},"canonical":"https:\/\/veroniquejoubert.com\/index.php\/references\/","og_locale":"fr_FR","og_type":"article","og_title":"V\u00e9ronique JoubertREFERENCES - V\u00e9ronique Joubert","og_description":"Passionn\u00e9e par l\u2019Humain, son d\u00e9veloppement et son \u00e9quilibre, je suis form\u00e9e en gestion des ressources humaines (ICHEC Brussels Management School), certifi\u00e9e en leadership et communication (Dale Carnegie), certifi\u00e9e en questionnaire de personnalit\u00e9 (MBTI), et form\u00e9e au coaching (CFIP).","og_url":"https:\/\/veroniquejoubert.com\/index.php\/references\/","og_site_name":"V\u00e9ronique Joubert","article_modified_time":"2024-04-28T17:37:58+00:00","twitter_card":"summary_large_image","twitter_misc":{"Dur\u00e9e de lecture estim\u00e9e":"6 minutes"},"schema":{"@context":"https:\/\/schema.org","@graph":[{"@type":"WebPage","@id":"https:\/\/veroniquejoubert.com\/index.php\/references\/","url":"https:\/\/veroniquejoubert.com\/index.php\/references\/","name":"V\u00e9ronique JoubertREFERENCES - V\u00e9ronique Joubert","isPartOf":{"@id":"https:\/\/veroniquejoubert.com\/#website"},"datePublished":"2021-09-16T07:56:56+00:00","dateModified":"2024-04-28T17:37:58+00:00","description":"Passionn\u00e9e par l\u2019Humain, son d\u00e9veloppement et son \u00e9quilibre, je suis form\u00e9e en gestion des ressources humaines (ICHEC Brussels Management School), certifi\u00e9e en leadership et communication (Dale Carnegie), certifi\u00e9e en questionnaire de personnalit\u00e9 (MBTI), et form\u00e9e au coaching (CFIP).","breadcrumb":{"@id":"https:\/\/veroniquejoubert.com\/index.php\/references\/#breadcrumb"},"inLanguage":"fr-FR","potentialAction":[{"@type":"ReadAction","target":["https:\/\/veroniquejoubert.com\/index.php\/references\/"]}]},{"@type":"BreadcrumbList","@id":"https:\/\/veroniquejoubert.com\/index.php\/references\/#breadcrumb","itemListElement":[{"@type":"ListItem","position":1,"name":"Accueil","item":"https:\/\/veroniquejoubert.com\/"},{"@type":"ListItem","position":2,"name":"REFERENCES"}]},{"@type":"WebSite","@id":"https:\/\/veroniquejoubert.com\/#website","url":"https:\/\/veroniquejoubert.com\/","name":"V\u00e9ronique Joubert","description":"","publisher":{"@id":"https:\/\/veroniquejoubert.com\/#organization"},"potentialAction":[{"@type":"SearchAction","target":{"@type":"EntryPoint","urlTemplate":"https:\/\/veroniquejoubert.com\/?s={search_term_string}"},"query-input":{"@type":"PropertyValueSpecification","valueRequired":true,"valueName":"search_term_string"}}],"inLanguage":"fr-FR"},{"@type":"Organization","@id":"https:\/\/veroniquejoubert.com\/#organization","name":"V\u00e9ronique Joubert","url":"https:\/\/veroniquejoubert.com\/","logo":{"@type":"ImageObject","inLanguage":"fr-FR","@id":"https:\/\/veroniquejoubert.com\/#\/schema\/logo\/image\/","url":"https:\/\/veroniquejoubert.com\/wp-content\/uploads\/2020\/02\/cropped-20191227_VJ_Charte_LOGO_VECTO_WHITE-1.png","contentUrl":"https:\/\/veroniquejoubert.com\/wp-content\/uploads\/2020\/02\/cropped-20191227_VJ_Charte_LOGO_VECTO_WHITE-1.png","width":3476,"height":250,"caption":"V\u00e9ronique Joubert"},"image":{"@id":"https:\/\/veroniquejoubert.com\/#\/schema\/logo\/image\/"}}]}},"_links":{"self":[{"href":"https:\/\/veroniquejoubert.com\/index.php\/wp-json\/wp\/v2\/pages\/287","targetHints":{"allow":["GET"]}}],"collection":[{"href":"https:\/\/veroniquejoubert.com\/index.php\/wp-json\/wp\/v2\/pages"}],"about":[{"href":"https:\/\/veroniquejoubert.com\/index.php\/wp-json\/wp\/v2\/types\/page"}],"author":[{"embeddable":true,"href":"https:\/\/veroniquejoubert.com\/index.php\/wp-json\/wp\/v2\/users\/1"}],"replies":[{"embeddable":true,"href":"https:\/\/veroniquejoubert.com\/index.php\/wp-json\/wp\/v2\/comments?post=287"}],"version-history":[{"count":17,"href":"https:\/\/veroniquejoubert.com\/index.php\/wp-json\/wp\/v2\/pages\/287\/revisions"}],"predecessor-version":[{"id":654,"href":"https:\/\/veroniquejoubert.com\/index.php\/wp-json\/wp\/v2\/pages\/287\/revisions\/654"}],"wp:attachment":[{"href":"https:\/\/veroniquejoubert.com\/index.php\/wp-json\/wp\/v2\/media?parent=287"}],"curies":[{"name":"wp","href":"https:\/\/api.w.org\/{rel}","templated":true}]}}