{"id":340,"date":"2020-02-11T16:01:20","date_gmt":"2020-02-11T15:01:20","guid":{"rendered":"http:\/\/veroniquejoubert.com\/?page_id=41"},"modified":"2024-04-04T15:21:24","modified_gmt":"2024-04-04T13:21:24","slug":"appropriateness","status":"publish","type":"page","link":"https:\/\/veroniquejoubert.com\/index.php\/en-us\/appropriateness\/","title":{"rendered":"ABOUT"},"content":{"rendered":"\n<p><\/p>\n\n\n\n<figure class=\"wp-block-gallery has-nested-images columns-default wp-block-gallery-1 is-layout-flex wp-block-gallery-is-layout-flex\">\n<figure class=\"wp-block-image size-large\"><img loading=\"lazy\" decoding=\"async\" width=\"299\" height=\"299\" data-id=\"83\" src=\"https:\/\/veroniquejoubert.com\/wp-content\/uploads\/2020\/02\/VJ.jpg\" alt=\"\" class=\"wp-image-83\" srcset=\"https:\/\/veroniquejoubert.com\/wp-content\/uploads\/2020\/02\/VJ.jpg 299w, https:\/\/veroniquejoubert.com\/wp-content\/uploads\/2020\/02\/VJ-150x150.jpg 150w, https:\/\/veroniquejoubert.com\/wp-content\/uploads\/2020\/02\/VJ-100x100.jpg 100w\" sizes=\"auto, (max-width: 299px) 100vw, 299px\" \/><\/figure>\n\n\n\n<figure class=\"wp-block-image size-large\"><img loading=\"lazy\" decoding=\"async\" width=\"1024\" height=\"74\" data-id=\"6\" src=\"https:\/\/veroniquejoubert.com\/wp-content\/uploads\/2020\/02\/20191227_VJ_Charte_LOGO_VECTO-1024x74.png\" alt=\"\" class=\"wp-image-6\" srcset=\"https:\/\/veroniquejoubert.com\/wp-content\/uploads\/2020\/02\/20191227_VJ_Charte_LOGO_VECTO-1024x74.png 1024w, https:\/\/veroniquejoubert.com\/wp-content\/uploads\/2020\/02\/20191227_VJ_Charte_LOGO_VECTO-300x22.png 300w, https:\/\/veroniquejoubert.com\/wp-content\/uploads\/2020\/02\/20191227_VJ_Charte_LOGO_VECTO-768x55.png 768w, https:\/\/veroniquejoubert.com\/wp-content\/uploads\/2020\/02\/20191227_VJ_Charte_LOGO_VECTO-750x54.png 750w, https:\/\/veroniquejoubert.com\/wp-content\/uploads\/2020\/02\/20191227_VJ_Charte_LOGO_VECTO-400x29.png 400w, https:\/\/veroniquejoubert.com\/wp-content\/uploads\/2020\/02\/20191227_VJ_Charte_LOGO_VECTO-430x31.png 430w, https:\/\/veroniquejoubert.com\/wp-content\/uploads\/2020\/02\/20191227_VJ_Charte_LOGO_VECTO-150x11.png 150w, https:\/\/veroniquejoubert.com\/wp-content\/uploads\/2020\/02\/20191227_VJ_Charte_LOGO_VECTO-100x7.png 100w, https:\/\/veroniquejoubert.com\/wp-content\/uploads\/2020\/02\/20191227_VJ_Charte_LOGO_VECTO.png 1474w\" sizes=\"auto, (max-width: 706px) 89vw, (max-width: 767px) 82vw, 740px\" \/><\/figure>\n<\/figure>\n\n\n\n<p>Passionate about people, its development and balance, I am trained in human resources management (ICHEC Brussels Management School), certified in leadership and communication (Dale Carnegie), certified in personality questionnaire (MBTI), and trained in coaching (CFIP).&nbsp;<\/p>\n\n\n\n<p>As a recruitment manager in the private sector, I have recruited hundreds of varied profiles for Belgium and Europe: young graduates, young professionals as well as experienced executives. I have an excellent knowledge of the world of recruiters, employers and candidates.&nbsp;<\/p>\n\n\n\n<p>As a human resources manager \u00ab\u00a0ad interim\u00a0\u00bb, I am solicited for major dysfunctions in companies of all sizes and on very varied \u00ab\u00a0Human Resources\u00a0\u00bb topics. I am appreciated for my ability to analyze quickly and accurately, for the vision I propose to set up, for my \u00ab\u00a0hands-on\u00a0\u00bb side, professional and oriented \u00ab\u00a0customer\u00a0\u00bb and \u00ab\u00a0results\u00a0\u00bb.&nbsp;<\/p>\n\n\n\n<p>In each project, I am committed to transmitting my knowledge, involving the teams, making them evolve, co-creating with them and achieving the objectives set, as part of the implementation of a sustainable HR strategy.<\/p>\n\n\n\n<p>I am fluent in English and Dutch (in addition to French).<\/p>\n\n\n\n<p>I work in companies <strong>face-to-face or virtually <\/strong>(MSTeams, Zoom or other) as an interim HR manager, trainer and as a professional coach (individuals and teams).<\/p>\n\n\n\n<p>I work in the office as a coach specializing in the various issues encountered in the context of his job.  <\/p>\n\n\n\n<p>Coaching sessions take place <strong>face-to-face<\/strong> either at the Maison du mieux-\u00eatre (Brussels\/Woluw\u00e9-Saint-Lambert) or in Anderlecht, or in <strong>hybrid<\/strong> mode (face-to-face and virtual) for those who so wish.<\/p>\n\n\n\n<p><\/p>\n\n\n\n<p class=\"has-text-align-center\"><strong>I intervene at the house of well-being as well as <br> in companies<\/strong><\/p>\n\n\n<div class=\"wp-block-image is-style-default\">\n<figure class=\"alignleft size-large is-resized\"><a href=\"https:\/\/www.lamaisondumieuxetre.be\" target=\"_blank\" rel=\"noopener noreferrer\"><img loading=\"lazy\" decoding=\"async\" width=\"500\" height=\"500\" src=\"https:\/\/veroniquejoubert.com\/wp-content\/uploads\/2020\/04\/MDME_LOGO_500x500px.png\" alt=\"\" class=\"wp-image-195\" style=\"width:235px\" srcset=\"https:\/\/veroniquejoubert.com\/wp-content\/uploads\/2020\/04\/MDME_LOGO_500x500px.png 500w, https:\/\/veroniquejoubert.com\/wp-content\/uploads\/2020\/04\/MDME_LOGO_500x500px-150x150.png 150w, https:\/\/veroniquejoubert.com\/wp-content\/uploads\/2020\/04\/MDME_LOGO_500x500px-300x300.png 300w, https:\/\/veroniquejoubert.com\/wp-content\/uploads\/2020\/04\/MDME_LOGO_500x500px-100x100.png 100w\" sizes=\"auto, (max-width: 500px) 100vw, 500px\" \/><\/a><\/figure>\n<\/div>\n\n\n<figure class=\"wp-block-image size-large is-resized is-style-default\"><a href=\"https:\/\/mbtitraininginstitute.myersbriggs.org\/#\" target=\"_blank\" rel=\"noopener noreferrer\"><img loading=\"lazy\" decoding=\"async\" width=\"500\" height=\"500\" src=\"https:\/\/veroniquejoubert.com\/wp-content\/uploads\/2020\/04\/MBTI_LOGO_500x500px.png\" alt=\"\" class=\"wp-image-194\" style=\"width:235px\" srcset=\"https:\/\/veroniquejoubert.com\/wp-content\/uploads\/2020\/04\/MBTI_LOGO_500x500px.png 500w, https:\/\/veroniquejoubert.com\/wp-content\/uploads\/2020\/04\/MBTI_LOGO_500x500px-150x150.png 150w, https:\/\/veroniquejoubert.com\/wp-content\/uploads\/2020\/04\/MBTI_LOGO_500x500px-300x300.png 300w, https:\/\/veroniquejoubert.com\/wp-content\/uploads\/2020\/04\/MBTI_LOGO_500x500px-100x100.png 100w\" sizes=\"auto, (max-width: 500px) 100vw, 500px\" \/><\/a><\/figure>\n\n\n<div class=\"wp-block-image is-style-default\">\n<figure class=\"alignleft size-large is-resized\"><a href=\"https:\/\/www.cfip.be\" target=\"_blank\" rel=\"noopener noreferrer\"><img loading=\"lazy\" decoding=\"async\" width=\"500\" height=\"500\" src=\"https:\/\/veroniquejoubert.com\/wp-content\/uploads\/2020\/04\/CFIP_LOGO_500x500px.png\" alt=\"\" class=\"wp-image-192\" style=\"width:235px\" srcset=\"https:\/\/veroniquejoubert.com\/wp-content\/uploads\/2020\/04\/CFIP_LOGO_500x500px.png 500w, https:\/\/veroniquejoubert.com\/wp-content\/uploads\/2020\/04\/CFIP_LOGO_500x500px-150x150.png 150w, https:\/\/veroniquejoubert.com\/wp-content\/uploads\/2020\/04\/CFIP_LOGO_500x500px-300x300.png 300w, https:\/\/veroniquejoubert.com\/wp-content\/uploads\/2020\/04\/CFIP_LOGO_500x500px-100x100.png 100w\" sizes=\"auto, (max-width: 500px) 100vw, 500px\" \/><\/a><\/figure>\n<\/div>\n\n\n<figure class=\"wp-block-image size-large is-resized is-style-default\"><a href=\"https:\/\/www.dalecarnegie.com\/fr\" target=\"_blank\" rel=\"noopener noreferrer\"><img loading=\"lazy\" decoding=\"async\" width=\"500\" height=\"500\" src=\"https:\/\/veroniquejoubert.com\/wp-content\/uploads\/2020\/04\/DALE_LOGO_500x500px.png\" alt=\"\" class=\"wp-image-193\" style=\"width:235px\" srcset=\"https:\/\/veroniquejoubert.com\/wp-content\/uploads\/2020\/04\/DALE_LOGO_500x500px.png 500w, https:\/\/veroniquejoubert.com\/wp-content\/uploads\/2020\/04\/DALE_LOGO_500x500px-150x150.png 150w, https:\/\/veroniquejoubert.com\/wp-content\/uploads\/2020\/04\/DALE_LOGO_500x500px-300x300.png 300w, https:\/\/veroniquejoubert.com\/wp-content\/uploads\/2020\/04\/DALE_LOGO_500x500px-100x100.png 100w\" sizes=\"auto, (max-width: 500px) 100vw, 500px\" \/><\/a><\/figure>\n\n\n\n<figure class=\"wp-block-image size-full\"><img loading=\"lazy\" decoding=\"async\" width=\"251\" height=\"238\" src=\"https:\/\/veroniquejoubert.com\/wp-content\/uploads\/2024\/04\/ICF-member-2.png\" alt=\"\" class=\"wp-image-650\"\/><\/figure>\n","protected":false},"excerpt":{"rendered":"<p>Passionate about people, its development and balance, I am trained in human resources management (ICHEC Brussels Management School), certified in leadership and communication (Dale Carnegie), certified in personality questionnaire (MBTI), and trained in coaching (CFIP).&nbsp; As a recruitment manager in the private sector, I have recruited hundreds of varied profiles for Belgium and Europe: young &hellip; <\/p>\n<p class=\"link-more\"><a href=\"https:\/\/veroniquejoubert.com\/index.php\/en-us\/appropriateness\/\" class=\"more-link\">Continuer la lecture<span class=\"screen-reader-text\"> de &laquo;&nbsp;ABOUT&nbsp;&raquo;<\/span><\/a><\/p>\n","protected":false},"author":1,"featured_media":0,"parent":0,"menu_order":0,"comment_status":"closed","ping_status":"closed","template":"","meta":{"footnotes":""},"class_list":["post-340","page","type-page","status-publish","hentry"],"yoast_head":"<!-- This site is optimized with the Yoast SEO plugin v27.4 - https:\/\/yoast.com\/product\/yoast-seo-wordpress\/ -->\n<title>V\u00e9ronique JoubertABOUT - V\u00e9ronique Joubert<\/title>\n<meta name=\"description\" content=\"Passionn\u00e9e par l\u2019Humain, son d\u00e9veloppement et son \u00e9quilibre, je suis form\u00e9e en gestion des ressources humaines (ICHEC Brussels Management School), certifi\u00e9e en leadership et communication (Dale Carnegie), certifi\u00e9e en questionnaire de personnalit\u00e9 (MBTI), et form\u00e9e au coaching (CFIP).\" \/>\n<meta name=\"robots\" content=\"index, follow, max-snippet:-1, max-image-preview:large, max-video-preview:-1\" \/>\n<link rel=\"canonical\" href=\"https:\/\/veroniquejoubert.com\/index.php\/en-us\/appropriateness\/\" \/>\n<meta property=\"og:locale\" content=\"fr_FR\" \/>\n<meta property=\"og:type\" content=\"article\" \/>\n<meta property=\"og:title\" content=\"V\u00e9ronique JoubertABOUT - V\u00e9ronique Joubert\" \/>\n<meta property=\"og:description\" content=\"Passionn\u00e9e par l\u2019Humain, son d\u00e9veloppement et son \u00e9quilibre, je suis form\u00e9e en gestion des ressources humaines (ICHEC Brussels Management School), certifi\u00e9e en leadership et communication (Dale Carnegie), certifi\u00e9e en questionnaire de personnalit\u00e9 (MBTI), et form\u00e9e au coaching (CFIP).\" \/>\n<meta property=\"og:url\" content=\"https:\/\/veroniquejoubert.com\/index.php\/en-us\/appropriateness\/\" \/>\n<meta property=\"og:site_name\" content=\"V\u00e9ronique Joubert\" \/>\n<meta property=\"article:modified_time\" content=\"2024-04-04T13:21:24+00:00\" \/>\n<meta property=\"og:image\" content=\"https:\/\/veroniquejoubert.com\/wp-content\/uploads\/2020\/02\/VJ.jpg\" \/>\n<meta name=\"twitter:card\" content=\"summary_large_image\" \/>\n<meta name=\"twitter:label1\" content=\"Dur\u00e9e de lecture estim\u00e9e\" \/>\n\t<meta name=\"twitter:data1\" content=\"3 minutes\" \/>\n<script type=\"application\/ld+json\" class=\"yoast-schema-graph\">{\"@context\":\"https:\\\/\\\/schema.org\",\"@graph\":[{\"@type\":\"WebPage\",\"@id\":\"https:\\\/\\\/veroniquejoubert.com\\\/index.php\\\/en-us\\\/appropriateness\\\/\",\"url\":\"https:\\\/\\\/veroniquejoubert.com\\\/index.php\\\/en-us\\\/appropriateness\\\/\",\"name\":\"V\u00e9ronique JoubertABOUT - V\u00e9ronique Joubert\",\"isPartOf\":{\"@id\":\"https:\\\/\\\/veroniquejoubert.com\\\/#website\"},\"primaryImageOfPage\":{\"@id\":\"https:\\\/\\\/veroniquejoubert.com\\\/index.php\\\/en-us\\\/appropriateness\\\/#primaryimage\"},\"image\":{\"@id\":\"https:\\\/\\\/veroniquejoubert.com\\\/index.php\\\/en-us\\\/appropriateness\\\/#primaryimage\"},\"thumbnailUrl\":\"https:\\\/\\\/veroniquejoubert.com\\\/wp-content\\\/uploads\\\/2020\\\/02\\\/VJ.jpg\",\"datePublished\":\"2020-02-11T15:01:20+00:00\",\"dateModified\":\"2024-04-04T13:21:24+00:00\",\"description\":\"Passionn\u00e9e par l\u2019Humain, son d\u00e9veloppement et son \u00e9quilibre, je suis form\u00e9e en gestion des ressources humaines (ICHEC Brussels Management School), certifi\u00e9e en leadership et communication (Dale Carnegie), certifi\u00e9e en questionnaire de personnalit\u00e9 (MBTI), et form\u00e9e au coaching (CFIP).\",\"breadcrumb\":{\"@id\":\"https:\\\/\\\/veroniquejoubert.com\\\/index.php\\\/en-us\\\/appropriateness\\\/#breadcrumb\"},\"inLanguage\":\"fr-FR\",\"potentialAction\":[{\"@type\":\"ReadAction\",\"target\":[\"https:\\\/\\\/veroniquejoubert.com\\\/index.php\\\/en-us\\\/appropriateness\\\/\"]}]},{\"@type\":\"ImageObject\",\"inLanguage\":\"fr-FR\",\"@id\":\"https:\\\/\\\/veroniquejoubert.com\\\/index.php\\\/en-us\\\/appropriateness\\\/#primaryimage\",\"url\":\"https:\\\/\\\/veroniquejoubert.com\\\/wp-content\\\/uploads\\\/2020\\\/02\\\/VJ.jpg\",\"contentUrl\":\"https:\\\/\\\/veroniquejoubert.com\\\/wp-content\\\/uploads\\\/2020\\\/02\\\/VJ.jpg\",\"width\":299,\"height\":299},{\"@type\":\"BreadcrumbList\",\"@id\":\"https:\\\/\\\/veroniquejoubert.com\\\/index.php\\\/en-us\\\/appropriateness\\\/#breadcrumb\",\"itemListElement\":[{\"@type\":\"ListItem\",\"position\":1,\"name\":\"Accueil\",\"item\":\"https:\\\/\\\/veroniquejoubert.com\\\/\"},{\"@type\":\"ListItem\",\"position\":2,\"name\":\"ABOUT\"}]},{\"@type\":\"WebSite\",\"@id\":\"https:\\\/\\\/veroniquejoubert.com\\\/#website\",\"url\":\"https:\\\/\\\/veroniquejoubert.com\\\/\",\"name\":\"V\u00e9ronique Joubert\",\"description\":\"\",\"publisher\":{\"@id\":\"https:\\\/\\\/veroniquejoubert.com\\\/#organization\"},\"potentialAction\":[{\"@type\":\"SearchAction\",\"target\":{\"@type\":\"EntryPoint\",\"urlTemplate\":\"https:\\\/\\\/veroniquejoubert.com\\\/?s={search_term_string}\"},\"query-input\":{\"@type\":\"PropertyValueSpecification\",\"valueRequired\":true,\"valueName\":\"search_term_string\"}}],\"inLanguage\":\"fr-FR\"},{\"@type\":\"Organization\",\"@id\":\"https:\\\/\\\/veroniquejoubert.com\\\/#organization\",\"name\":\"V\u00e9ronique Joubert\",\"url\":\"https:\\\/\\\/veroniquejoubert.com\\\/\",\"logo\":{\"@type\":\"ImageObject\",\"inLanguage\":\"fr-FR\",\"@id\":\"https:\\\/\\\/veroniquejoubert.com\\\/#\\\/schema\\\/logo\\\/image\\\/\",\"url\":\"https:\\\/\\\/veroniquejoubert.com\\\/wp-content\\\/uploads\\\/2020\\\/02\\\/cropped-20191227_VJ_Charte_LOGO_VECTO_WHITE-1.png\",\"contentUrl\":\"https:\\\/\\\/veroniquejoubert.com\\\/wp-content\\\/uploads\\\/2020\\\/02\\\/cropped-20191227_VJ_Charte_LOGO_VECTO_WHITE-1.png\",\"width\":3476,\"height\":250,\"caption\":\"V\u00e9ronique Joubert\"},\"image\":{\"@id\":\"https:\\\/\\\/veroniquejoubert.com\\\/#\\\/schema\\\/logo\\\/image\\\/\"}}]}<\/script>\n<!-- \/ Yoast SEO plugin. -->","yoast_head_json":{"title":"V\u00e9ronique JoubertABOUT - V\u00e9ronique Joubert","description":"Passionn\u00e9e par l\u2019Humain, son d\u00e9veloppement et son \u00e9quilibre, je suis form\u00e9e en gestion des ressources humaines (ICHEC Brussels Management School), certifi\u00e9e en leadership et communication (Dale Carnegie), certifi\u00e9e en questionnaire de personnalit\u00e9 (MBTI), et form\u00e9e au coaching (CFIP).","robots":{"index":"index","follow":"follow","max-snippet":"max-snippet:-1","max-image-preview":"max-image-preview:large","max-video-preview":"max-video-preview:-1"},"canonical":"https:\/\/veroniquejoubert.com\/index.php\/en-us\/appropriateness\/","og_locale":"fr_FR","og_type":"article","og_title":"V\u00e9ronique JoubertABOUT - V\u00e9ronique Joubert","og_description":"Passionn\u00e9e par l\u2019Humain, son d\u00e9veloppement et son \u00e9quilibre, je suis form\u00e9e en gestion des ressources humaines (ICHEC Brussels Management School), certifi\u00e9e en leadership et communication (Dale Carnegie), certifi\u00e9e en questionnaire de personnalit\u00e9 (MBTI), et form\u00e9e au coaching (CFIP).","og_url":"https:\/\/veroniquejoubert.com\/index.php\/en-us\/appropriateness\/","og_site_name":"V\u00e9ronique Joubert","article_modified_time":"2024-04-04T13:21:24+00:00","og_image":[{"url":"https:\/\/veroniquejoubert.com\/wp-content\/uploads\/2020\/02\/VJ.jpg","type":"","width":"","height":""}],"twitter_card":"summary_large_image","twitter_misc":{"Dur\u00e9e de lecture estim\u00e9e":"3 minutes"},"schema":{"@context":"https:\/\/schema.org","@graph":[{"@type":"WebPage","@id":"https:\/\/veroniquejoubert.com\/index.php\/en-us\/appropriateness\/","url":"https:\/\/veroniquejoubert.com\/index.php\/en-us\/appropriateness\/","name":"V\u00e9ronique JoubertABOUT - V\u00e9ronique Joubert","isPartOf":{"@id":"https:\/\/veroniquejoubert.com\/#website"},"primaryImageOfPage":{"@id":"https:\/\/veroniquejoubert.com\/index.php\/en-us\/appropriateness\/#primaryimage"},"image":{"@id":"https:\/\/veroniquejoubert.com\/index.php\/en-us\/appropriateness\/#primaryimage"},"thumbnailUrl":"https:\/\/veroniquejoubert.com\/wp-content\/uploads\/2020\/02\/VJ.jpg","datePublished":"2020-02-11T15:01:20+00:00","dateModified":"2024-04-04T13:21:24+00:00","description":"Passionn\u00e9e par l\u2019Humain, son d\u00e9veloppement et son \u00e9quilibre, je suis form\u00e9e en gestion des ressources humaines (ICHEC Brussels Management School), certifi\u00e9e en leadership et communication (Dale Carnegie), certifi\u00e9e en questionnaire de personnalit\u00e9 (MBTI), et form\u00e9e au coaching (CFIP).","breadcrumb":{"@id":"https:\/\/veroniquejoubert.com\/index.php\/en-us\/appropriateness\/#breadcrumb"},"inLanguage":"fr-FR","potentialAction":[{"@type":"ReadAction","target":["https:\/\/veroniquejoubert.com\/index.php\/en-us\/appropriateness\/"]}]},{"@type":"ImageObject","inLanguage":"fr-FR","@id":"https:\/\/veroniquejoubert.com\/index.php\/en-us\/appropriateness\/#primaryimage","url":"https:\/\/veroniquejoubert.com\/wp-content\/uploads\/2020\/02\/VJ.jpg","contentUrl":"https:\/\/veroniquejoubert.com\/wp-content\/uploads\/2020\/02\/VJ.jpg","width":299,"height":299},{"@type":"BreadcrumbList","@id":"https:\/\/veroniquejoubert.com\/index.php\/en-us\/appropriateness\/#breadcrumb","itemListElement":[{"@type":"ListItem","position":1,"name":"Accueil","item":"https:\/\/veroniquejoubert.com\/"},{"@type":"ListItem","position":2,"name":"ABOUT"}]},{"@type":"WebSite","@id":"https:\/\/veroniquejoubert.com\/#website","url":"https:\/\/veroniquejoubert.com\/","name":"V\u00e9ronique Joubert","description":"","publisher":{"@id":"https:\/\/veroniquejoubert.com\/#organization"},"potentialAction":[{"@type":"SearchAction","target":{"@type":"EntryPoint","urlTemplate":"https:\/\/veroniquejoubert.com\/?s={search_term_string}"},"query-input":{"@type":"PropertyValueSpecification","valueRequired":true,"valueName":"search_term_string"}}],"inLanguage":"fr-FR"},{"@type":"Organization","@id":"https:\/\/veroniquejoubert.com\/#organization","name":"V\u00e9ronique Joubert","url":"https:\/\/veroniquejoubert.com\/","logo":{"@type":"ImageObject","inLanguage":"fr-FR","@id":"https:\/\/veroniquejoubert.com\/#\/schema\/logo\/image\/","url":"https:\/\/veroniquejoubert.com\/wp-content\/uploads\/2020\/02\/cropped-20191227_VJ_Charte_LOGO_VECTO_WHITE-1.png","contentUrl":"https:\/\/veroniquejoubert.com\/wp-content\/uploads\/2020\/02\/cropped-20191227_VJ_Charte_LOGO_VECTO_WHITE-1.png","width":3476,"height":250,"caption":"V\u00e9ronique Joubert"},"image":{"@id":"https:\/\/veroniquejoubert.com\/#\/schema\/logo\/image\/"}}]}},"_links":{"self":[{"href":"https:\/\/veroniquejoubert.com\/index.php\/wp-json\/wp\/v2\/pages\/340","targetHints":{"allow":["GET"]}}],"collection":[{"href":"https:\/\/veroniquejoubert.com\/index.php\/wp-json\/wp\/v2\/pages"}],"about":[{"href":"https:\/\/veroniquejoubert.com\/index.php\/wp-json\/wp\/v2\/types\/page"}],"author":[{"embeddable":true,"href":"https:\/\/veroniquejoubert.com\/index.php\/wp-json\/wp\/v2\/users\/1"}],"replies":[{"embeddable":true,"href":"https:\/\/veroniquejoubert.com\/index.php\/wp-json\/wp\/v2\/comments?post=340"}],"version-history":[{"count":5,"href":"https:\/\/veroniquejoubert.com\/index.php\/wp-json\/wp\/v2\/pages\/340\/revisions"}],"predecessor-version":[{"id":651,"href":"https:\/\/veroniquejoubert.com\/index.php\/wp-json\/wp\/v2\/pages\/340\/revisions\/651"}],"wp:attachment":[{"href":"https:\/\/veroniquejoubert.com\/index.php\/wp-json\/wp\/v2\/media?parent=340"}],"curies":[{"name":"wp","href":"https:\/\/api.w.org\/{rel}","templated":true}]}}