{"id":371,"date":"2020-04-02T09:41:01","date_gmt":"2020-04-02T07:41:01","guid":{"rendered":"http:\/\/veroniquejoubert.com\/?page_id=144"},"modified":"2024-03-12T10:54:59","modified_gmt":"2024-03-12T09:54:59","slug":"interim-management-3","status":"publish","type":"page","link":"https:\/\/veroniquejoubert.com\/index.php\/en-us\/interim-management-3\/","title":{"rendered":"Interim Management"},"content":{"rendered":"\n<p>Specialized in human resources (HR) management, I work in companies mainly in Brussels and flemish and Walloon Brabant for missions of several months, whether <strong>face-to-face or virtual<\/strong> (MsTeams, Zoom, Whereby or other platforms).<\/p>\n\n\n\n<p>Fluent in English, Dutch and French. I am comfortable in many professional environments, international or local.&nbsp;<\/p>\n\n\n\n<p>Passionate about working in \u00ab\u00a0project\u00a0\u00bb mode.I like to deliver high-performance results, in collaboration with the HR department and\/or the general management, the HR teams and external service providers.<\/p>\n\n\n\n<p>The projects I have done are very varied. Here are a few examples:<\/p>\n\n\n\n<ul class=\"wp-block-list\">\n<li>Reorganization of HR administration and payroll of employees (including expatriates);<\/li>\n\n\n\n<li>Implementation or change of \u00ab\u00a0payroll\u00a0\u00bb provider;<\/li>\n\n\n\n<li>Implementation \/ adaptation of work regulations, various regulations (car policy, teleworking, mobility &#8230;);<\/li>\n\n\n\n<li>Sourcing and recruitment of niche, varied or rare profiles;<\/li>\n\n\n\n<li>Implementation of efficient HR processes;<\/li>\n\n\n\n<li>Redesign of assessment days (young graduates)<\/li>\n\n\n\n<li>Implementation of Internal Prevention and Protection Service (SIPP);<\/li>\n\n\n\n<li>Etc&#8230;<\/li>\n<\/ul>\n\n\n\n<p>You will find on LinkedIn, more details on my profile and my <a href=\"http:\/\/:https:\/\/www.linkedin.com\/in\/veroniquejoubert\/\ufeff\">achievements: https:\/\/www.linkedin.com\/in\/veroniquejoubert\/<\/a><\/p>\n\n\n\n<p><strong>These clients have trusted me for their \u00ab\u00a0Human Resources\u00a0\u00bb projects: <\/strong><\/p>\n\n\n\n<div class=\"wp-block-image is-style-default\"><figure class=\"alignleft size-large is-resized\"><a href=\"https:\/\/www.unilever.be\"><img decoding=\"async\" src=\"https:\/\/veroniquejoubert.com\/wp-content\/uploads\/2020\/04\/Unilever_LOGO_500x500px.png\" alt=\"https:\/\/www.unilever.be\" class=\"wp-image-176\" width=\"225\" height=\"NaN\" srcset=\"https:\/\/veroniquejoubert.com\/wp-content\/uploads\/2020\/04\/Unilever_LOGO_500x500px.png 500w, https:\/\/veroniquejoubert.com\/wp-content\/uploads\/2020\/04\/Unilever_LOGO_500x500px-150x150.png 150w, https:\/\/veroniquejoubert.com\/wp-content\/uploads\/2020\/04\/Unilever_LOGO_500x500px-300x300.png 300w, https:\/\/veroniquejoubert.com\/wp-content\/uploads\/2020\/04\/Unilever_LOGO_500x500px-100x100.png 100w\" sizes=\"(max-width: 500px) 100vw, 500px\" \/><\/a><\/figure><\/div>\n\n\n<div class=\"wp-block-image is-style-default\">\n<figure class=\"alignleft size-large is-resized\"><a href=\"https:\/\/www.volvoce.com\" target=\"_blank\" rel=\"https:\/\/www.volvoce.com noopener noreferrer\"><img loading=\"lazy\" decoding=\"async\" width=\"500\" height=\"500\" src=\"https:\/\/veroniquejoubert.com\/wp-content\/uploads\/2020\/04\/Volvo_LOGO_500x500px-1.png\" alt=\"\" class=\"wp-image-177\" style=\"width:235px\" srcset=\"https:\/\/veroniquejoubert.com\/wp-content\/uploads\/2020\/04\/Volvo_LOGO_500x500px-1.png 500w, https:\/\/veroniquejoubert.com\/wp-content\/uploads\/2020\/04\/Volvo_LOGO_500x500px-1-150x150.png 150w, https:\/\/veroniquejoubert.com\/wp-content\/uploads\/2020\/04\/Volvo_LOGO_500x500px-1-300x300.png 300w, https:\/\/veroniquejoubert.com\/wp-content\/uploads\/2020\/04\/Volvo_LOGO_500x500px-1-100x100.png 100w\" sizes=\"auto, (max-width: 500px) 100vw, 500px\" \/><\/a><\/figure>\n<\/div>\n\n<div class=\"wp-block-image is-style-default\">\n<figure class=\"alignleft size-large is-resized\"><a href=\"https:\/\/www.pv.be\/fr\/home\" target=\"_blank\" rel=\"noopener noreferrer\"><img loading=\"lazy\" decoding=\"async\" width=\"500\" height=\"500\" src=\"https:\/\/veroniquejoubert.com\/wp-content\/uploads\/2020\/04\/PV_LOGO_500x500px.png\" alt=\"\" class=\"wp-image-179\" style=\"width:235px\" srcset=\"https:\/\/veroniquejoubert.com\/wp-content\/uploads\/2020\/04\/PV_LOGO_500x500px.png 500w, https:\/\/veroniquejoubert.com\/wp-content\/uploads\/2020\/04\/PV_LOGO_500x500px-150x150.png 150w, https:\/\/veroniquejoubert.com\/wp-content\/uploads\/2020\/04\/PV_LOGO_500x500px-300x300.png 300w, https:\/\/veroniquejoubert.com\/wp-content\/uploads\/2020\/04\/PV_LOGO_500x500px-100x100.png 100w\" sizes=\"auto, (max-width: 500px) 100vw, 500px\" \/><\/a><\/figure>\n<\/div>\n\n<div class=\"wp-block-image is-style-default\">\n<figure class=\"alignleft size-large is-resized\"><a href=\"https:\/\/uclouvain.be\/fr\/etudier\/cio\" target=\"_blank\" rel=\"noopener noreferrer\"><img loading=\"lazy\" decoding=\"async\" width=\"500\" height=\"500\" src=\"https:\/\/veroniquejoubert.com\/wp-content\/uploads\/2020\/04\/UCL_LOGO_500x500px.png\" alt=\"\" class=\"wp-image-175\" style=\"width:235px\" srcset=\"https:\/\/veroniquejoubert.com\/wp-content\/uploads\/2020\/04\/UCL_LOGO_500x500px.png 500w, https:\/\/veroniquejoubert.com\/wp-content\/uploads\/2020\/04\/UCL_LOGO_500x500px-150x150.png 150w, https:\/\/veroniquejoubert.com\/wp-content\/uploads\/2020\/04\/UCL_LOGO_500x500px-300x300.png 300w, https:\/\/veroniquejoubert.com\/wp-content\/uploads\/2020\/04\/UCL_LOGO_500x500px-100x100.png 100w\" sizes=\"auto, (max-width: 500px) 100vw, 500px\" \/><\/a><\/figure>\n<\/div>\n\n<div class=\"wp-block-image is-style-default\">\n<figure class=\"alignleft size-large is-resized\"><a href=\"https:\/\/www.spaceapplications.com\" target=\"_blank\" rel=\"https:\/\/www.spaceapplications.com noopener noreferrer\"><img loading=\"lazy\" decoding=\"async\" width=\"500\" height=\"500\" src=\"https:\/\/veroniquejoubert.com\/wp-content\/uploads\/2020\/04\/Space_LOGO_500x500px.png\" alt=\"\" class=\"wp-image-174\" style=\"width:235px\" srcset=\"https:\/\/veroniquejoubert.com\/wp-content\/uploads\/2020\/04\/Space_LOGO_500x500px.png 500w, https:\/\/veroniquejoubert.com\/wp-content\/uploads\/2020\/04\/Space_LOGO_500x500px-150x150.png 150w, https:\/\/veroniquejoubert.com\/wp-content\/uploads\/2020\/04\/Space_LOGO_500x500px-300x300.png 300w, https:\/\/veroniquejoubert.com\/wp-content\/uploads\/2020\/04\/Space_LOGO_500x500px-100x100.png 100w\" sizes=\"auto, (max-width: 500px) 100vw, 500px\" \/><\/a><\/figure>\n<\/div>\n\n<div class=\"wp-block-image is-style-default\">\n<figure class=\"alignleft size-large is-resized\"><a href=\"https:\/\/myitalianfriends.be\" target=\"_blank\" rel=\"https:\/\/myitalianfriends.be noopener noreferrer\"><img loading=\"lazy\" decoding=\"async\" width=\"500\" height=\"500\" src=\"https:\/\/veroniquejoubert.com\/wp-content\/uploads\/2020\/04\/MyItalianFriends_LOGO_500x500px.png\" alt=\"\" class=\"wp-image-173\" style=\"width:235px\" srcset=\"https:\/\/veroniquejoubert.com\/wp-content\/uploads\/2020\/04\/MyItalianFriends_LOGO_500x500px.png 500w, https:\/\/veroniquejoubert.com\/wp-content\/uploads\/2020\/04\/MyItalianFriends_LOGO_500x500px-150x150.png 150w, https:\/\/veroniquejoubert.com\/wp-content\/uploads\/2020\/04\/MyItalianFriends_LOGO_500x500px-300x300.png 300w, https:\/\/veroniquejoubert.com\/wp-content\/uploads\/2020\/04\/MyItalianFriends_LOGO_500x500px-100x100.png 100w\" sizes=\"auto, (max-width: 500px) 100vw, 500px\" \/><\/a><\/figure>\n<\/div>\n\n<div class=\"wp-block-image is-style-default\">\n<figure class=\"alignleft size-large is-resized\"><a href=\"https:\/\/www.inputforyou.be\" target=\"_blank\" rel=\"noopener noreferrer\"><img loading=\"lazy\" decoding=\"async\" width=\"500\" height=\"500\" src=\"https:\/\/veroniquejoubert.com\/wp-content\/uploads\/2020\/04\/Input-For-You_LOGO_500x500px-1.png\" alt=\"\" class=\"wp-image-171\" style=\"width:235px\" srcset=\"https:\/\/veroniquejoubert.com\/wp-content\/uploads\/2020\/04\/Input-For-You_LOGO_500x500px-1.png 500w, https:\/\/veroniquejoubert.com\/wp-content\/uploads\/2020\/04\/Input-For-You_LOGO_500x500px-1-150x150.png 150w, https:\/\/veroniquejoubert.com\/wp-content\/uploads\/2020\/04\/Input-For-You_LOGO_500x500px-1-300x300.png 300w, https:\/\/veroniquejoubert.com\/wp-content\/uploads\/2020\/04\/Input-For-You_LOGO_500x500px-1-100x100.png 100w\" sizes=\"auto, (max-width: 500px) 100vw, 500px\" \/><\/a><\/figure>\n<\/div>\n\n\n<figure class=\"wp-block-image size-large is-resized\"><a href=\"https:\/\/www.accenture.com\/be-en\"><img loading=\"lazy\" decoding=\"async\" width=\"1024\" height=\"1024\" src=\"https:\/\/veroniquejoubert.com\/wp-content\/uploads\/2021\/11\/logo-accenture_carre-1024x1024.png\" alt=\"\" class=\"wp-image-499\" style=\"width:237px;height:237px\" srcset=\"https:\/\/veroniquejoubert.com\/wp-content\/uploads\/2021\/11\/logo-accenture_carre-1024x1024.png 1024w, https:\/\/veroniquejoubert.com\/wp-content\/uploads\/2021\/11\/logo-accenture_carre-300x300.png 300w, https:\/\/veroniquejoubert.com\/wp-content\/uploads\/2021\/11\/logo-accenture_carre-150x150.png 150w, https:\/\/veroniquejoubert.com\/wp-content\/uploads\/2021\/11\/logo-accenture_carre-768x768.png 768w, https:\/\/veroniquejoubert.com\/wp-content\/uploads\/2021\/11\/logo-accenture_carre-1536x1536.png 1536w, https:\/\/veroniquejoubert.com\/wp-content\/uploads\/2021\/11\/logo-accenture_carre-2048x2048.png 2048w, https:\/\/veroniquejoubert.com\/wp-content\/uploads\/2021\/11\/logo-accenture_carre-100x100.png 100w\" sizes=\"auto, (max-width: 706px) 89vw, (max-width: 767px) 82vw, 740px\" \/><\/a><\/figure>\n\n\n\n<figure class=\"wp-block-image\"><a href=\"https:\/\/www.puratos.be\/fr\/about-puratos\"><img loading=\"lazy\" decoding=\"async\" width=\"292\" height=\"160\" src=\"https:\/\/veroniquejoubert.com\/wp-content\/uploads\/2024\/03\/Logo-Puratos.png\" alt=\"\" class=\"wp-image-558\"\/><\/a><\/figure>\n\n\n\n<figure class=\"wp-block-image size-full\"><a href=\"https:\/\/www.issworld.com\/fr-be\"><img loading=\"lazy\" decoding=\"async\" width=\"209\" height=\"175\" src=\"https:\/\/veroniquejoubert.com\/wp-content\/uploads\/2024\/03\/Logo-ISS-2.png\" alt=\"\" class=\"wp-image-573\"\/><\/a><\/figure>\n","protected":false},"excerpt":{"rendered":"<p>Specialized in human resources (HR) management, I work in companies mainly in Brussels and flemish and Walloon Brabant for missions of several months, whether face-to-face or virtual (MsTeams, Zoom, Whereby or other platforms). Fluent in English, Dutch and French. I am comfortable in many professional environments, international or local.&nbsp; Passionate about working in \u00ab\u00a0project\u00a0\u00bb mode.I &hellip; <\/p>\n<p class=\"link-more\"><a href=\"https:\/\/veroniquejoubert.com\/index.php\/en-us\/interim-management-3\/\" class=\"more-link\">Continuer la lecture<span class=\"screen-reader-text\"> de &laquo;&nbsp;Interim Management&nbsp;&raquo;<\/span><\/a><\/p>\n","protected":false},"author":1,"featured_media":0,"parent":0,"menu_order":0,"comment_status":"closed","ping_status":"closed","template":"","meta":{"footnotes":""},"class_list":["post-371","page","type-page","status-publish","hentry"],"yoast_head":"<!-- This site is optimized with the Yoast SEO plugin v27.4 - https:\/\/yoast.com\/product\/yoast-seo-wordpress\/ -->\n<title>V\u00e9ronique JoubertInterim Management - V\u00e9ronique Joubert<\/title>\n<meta name=\"description\" content=\"Passionn\u00e9e par l\u2019Humain, son d\u00e9veloppement et son \u00e9quilibre, je suis form\u00e9e en gestion des ressources humaines (ICHEC Brussels Management School), certifi\u00e9e en leadership et communication (Dale Carnegie), certifi\u00e9e en questionnaire de personnalit\u00e9 (MBTI), et form\u00e9e au coaching (CFIP).\" \/>\n<meta name=\"robots\" content=\"index, follow, max-snippet:-1, max-image-preview:large, max-video-preview:-1\" \/>\n<link rel=\"canonical\" href=\"https:\/\/veroniquejoubert.com\/index.php\/en-us\/interim-management-3\/\" \/>\n<meta property=\"og:locale\" content=\"fr_FR\" \/>\n<meta property=\"og:type\" content=\"article\" \/>\n<meta property=\"og:title\" content=\"V\u00e9ronique JoubertInterim Management - V\u00e9ronique Joubert\" \/>\n<meta property=\"og:description\" content=\"Passionn\u00e9e par l\u2019Humain, son d\u00e9veloppement et son \u00e9quilibre, je suis form\u00e9e en gestion des ressources humaines (ICHEC Brussels Management School), certifi\u00e9e en leadership et communication (Dale Carnegie), certifi\u00e9e en questionnaire de personnalit\u00e9 (MBTI), et form\u00e9e au coaching (CFIP).\" \/>\n<meta property=\"og:url\" content=\"https:\/\/veroniquejoubert.com\/index.php\/en-us\/interim-management-3\/\" \/>\n<meta property=\"og:site_name\" content=\"V\u00e9ronique Joubert\" \/>\n<meta property=\"article:modified_time\" content=\"2024-03-12T09:54:59+00:00\" \/>\n<meta property=\"og:image\" content=\"https:\/\/veroniquejoubert.com\/wp-content\/uploads\/2020\/04\/Unilever_LOGO_500x500px.png\" \/>\n<meta name=\"twitter:card\" content=\"summary_large_image\" \/>\n<meta name=\"twitter:label1\" content=\"Dur\u00e9e de lecture estim\u00e9e\" \/>\n\t<meta name=\"twitter:data1\" content=\"3 minutes\" \/>\n<script type=\"application\/ld+json\" class=\"yoast-schema-graph\">{\"@context\":\"https:\\\/\\\/schema.org\",\"@graph\":[{\"@type\":\"WebPage\",\"@id\":\"https:\\\/\\\/veroniquejoubert.com\\\/index.php\\\/en-us\\\/interim-management-3\\\/\",\"url\":\"https:\\\/\\\/veroniquejoubert.com\\\/index.php\\\/en-us\\\/interim-management-3\\\/\",\"name\":\"V\u00e9ronique JoubertInterim Management - V\u00e9ronique Joubert\",\"isPartOf\":{\"@id\":\"https:\\\/\\\/veroniquejoubert.com\\\/#website\"},\"primaryImageOfPage\":{\"@id\":\"https:\\\/\\\/veroniquejoubert.com\\\/index.php\\\/en-us\\\/interim-management-3\\\/#primaryimage\"},\"image\":{\"@id\":\"https:\\\/\\\/veroniquejoubert.com\\\/index.php\\\/en-us\\\/interim-management-3\\\/#primaryimage\"},\"thumbnailUrl\":\"https:\\\/\\\/veroniquejoubert.com\\\/wp-content\\\/uploads\\\/2020\\\/04\\\/Unilever_LOGO_500x500px.png\",\"datePublished\":\"2020-04-02T07:41:01+00:00\",\"dateModified\":\"2024-03-12T09:54:59+00:00\",\"description\":\"Passionn\u00e9e par l\u2019Humain, son d\u00e9veloppement et son \u00e9quilibre, je suis form\u00e9e en gestion des ressources humaines (ICHEC Brussels Management School), certifi\u00e9e en leadership et communication (Dale Carnegie), certifi\u00e9e en questionnaire de personnalit\u00e9 (MBTI), et form\u00e9e au coaching (CFIP).\",\"breadcrumb\":{\"@id\":\"https:\\\/\\\/veroniquejoubert.com\\\/index.php\\\/en-us\\\/interim-management-3\\\/#breadcrumb\"},\"inLanguage\":\"fr-FR\",\"potentialAction\":[{\"@type\":\"ReadAction\",\"target\":[\"https:\\\/\\\/veroniquejoubert.com\\\/index.php\\\/en-us\\\/interim-management-3\\\/\"]}]},{\"@type\":\"ImageObject\",\"inLanguage\":\"fr-FR\",\"@id\":\"https:\\\/\\\/veroniquejoubert.com\\\/index.php\\\/en-us\\\/interim-management-3\\\/#primaryimage\",\"url\":\"https:\\\/\\\/veroniquejoubert.com\\\/wp-content\\\/uploads\\\/2020\\\/04\\\/Unilever_LOGO_500x500px.png\",\"contentUrl\":\"https:\\\/\\\/veroniquejoubert.com\\\/wp-content\\\/uploads\\\/2020\\\/04\\\/Unilever_LOGO_500x500px.png\",\"width\":500,\"height\":500},{\"@type\":\"BreadcrumbList\",\"@id\":\"https:\\\/\\\/veroniquejoubert.com\\\/index.php\\\/en-us\\\/interim-management-3\\\/#breadcrumb\",\"itemListElement\":[{\"@type\":\"ListItem\",\"position\":1,\"name\":\"Accueil\",\"item\":\"https:\\\/\\\/veroniquejoubert.com\\\/\"},{\"@type\":\"ListItem\",\"position\":2,\"name\":\"Interim Management\"}]},{\"@type\":\"WebSite\",\"@id\":\"https:\\\/\\\/veroniquejoubert.com\\\/#website\",\"url\":\"https:\\\/\\\/veroniquejoubert.com\\\/\",\"name\":\"V\u00e9ronique Joubert\",\"description\":\"\",\"publisher\":{\"@id\":\"https:\\\/\\\/veroniquejoubert.com\\\/#organization\"},\"potentialAction\":[{\"@type\":\"SearchAction\",\"target\":{\"@type\":\"EntryPoint\",\"urlTemplate\":\"https:\\\/\\\/veroniquejoubert.com\\\/?s={search_term_string}\"},\"query-input\":{\"@type\":\"PropertyValueSpecification\",\"valueRequired\":true,\"valueName\":\"search_term_string\"}}],\"inLanguage\":\"fr-FR\"},{\"@type\":\"Organization\",\"@id\":\"https:\\\/\\\/veroniquejoubert.com\\\/#organization\",\"name\":\"V\u00e9ronique Joubert\",\"url\":\"https:\\\/\\\/veroniquejoubert.com\\\/\",\"logo\":{\"@type\":\"ImageObject\",\"inLanguage\":\"fr-FR\",\"@id\":\"https:\\\/\\\/veroniquejoubert.com\\\/#\\\/schema\\\/logo\\\/image\\\/\",\"url\":\"https:\\\/\\\/veroniquejoubert.com\\\/wp-content\\\/uploads\\\/2020\\\/02\\\/cropped-20191227_VJ_Charte_LOGO_VECTO_WHITE-1.png\",\"contentUrl\":\"https:\\\/\\\/veroniquejoubert.com\\\/wp-content\\\/uploads\\\/2020\\\/02\\\/cropped-20191227_VJ_Charte_LOGO_VECTO_WHITE-1.png\",\"width\":3476,\"height\":250,\"caption\":\"V\u00e9ronique Joubert\"},\"image\":{\"@id\":\"https:\\\/\\\/veroniquejoubert.com\\\/#\\\/schema\\\/logo\\\/image\\\/\"}}]}<\/script>\n<!-- \/ Yoast SEO plugin. -->","yoast_head_json":{"title":"V\u00e9ronique JoubertInterim Management - V\u00e9ronique Joubert","description":"Passionn\u00e9e par l\u2019Humain, son d\u00e9veloppement et son \u00e9quilibre, je suis form\u00e9e en gestion des ressources humaines (ICHEC Brussels Management School), certifi\u00e9e en leadership et communication (Dale Carnegie), certifi\u00e9e en questionnaire de personnalit\u00e9 (MBTI), et form\u00e9e au coaching (CFIP).","robots":{"index":"index","follow":"follow","max-snippet":"max-snippet:-1","max-image-preview":"max-image-preview:large","max-video-preview":"max-video-preview:-1"},"canonical":"https:\/\/veroniquejoubert.com\/index.php\/en-us\/interim-management-3\/","og_locale":"fr_FR","og_type":"article","og_title":"V\u00e9ronique JoubertInterim Management - V\u00e9ronique Joubert","og_description":"Passionn\u00e9e par l\u2019Humain, son d\u00e9veloppement et son \u00e9quilibre, je suis form\u00e9e en gestion des ressources humaines (ICHEC Brussels Management School), certifi\u00e9e en leadership et communication (Dale Carnegie), certifi\u00e9e en questionnaire de personnalit\u00e9 (MBTI), et form\u00e9e au coaching (CFIP).","og_url":"https:\/\/veroniquejoubert.com\/index.php\/en-us\/interim-management-3\/","og_site_name":"V\u00e9ronique Joubert","article_modified_time":"2024-03-12T09:54:59+00:00","og_image":[{"url":"https:\/\/veroniquejoubert.com\/wp-content\/uploads\/2020\/04\/Unilever_LOGO_500x500px.png","type":"","width":"","height":""}],"twitter_card":"summary_large_image","twitter_misc":{"Dur\u00e9e de lecture estim\u00e9e":"3 minutes"},"schema":{"@context":"https:\/\/schema.org","@graph":[{"@type":"WebPage","@id":"https:\/\/veroniquejoubert.com\/index.php\/en-us\/interim-management-3\/","url":"https:\/\/veroniquejoubert.com\/index.php\/en-us\/interim-management-3\/","name":"V\u00e9ronique JoubertInterim Management - V\u00e9ronique Joubert","isPartOf":{"@id":"https:\/\/veroniquejoubert.com\/#website"},"primaryImageOfPage":{"@id":"https:\/\/veroniquejoubert.com\/index.php\/en-us\/interim-management-3\/#primaryimage"},"image":{"@id":"https:\/\/veroniquejoubert.com\/index.php\/en-us\/interim-management-3\/#primaryimage"},"thumbnailUrl":"https:\/\/veroniquejoubert.com\/wp-content\/uploads\/2020\/04\/Unilever_LOGO_500x500px.png","datePublished":"2020-04-02T07:41:01+00:00","dateModified":"2024-03-12T09:54:59+00:00","description":"Passionn\u00e9e par l\u2019Humain, son d\u00e9veloppement et son \u00e9quilibre, je suis form\u00e9e en gestion des ressources humaines (ICHEC Brussels Management School), certifi\u00e9e en leadership et communication (Dale Carnegie), certifi\u00e9e en questionnaire de personnalit\u00e9 (MBTI), et form\u00e9e au coaching (CFIP).","breadcrumb":{"@id":"https:\/\/veroniquejoubert.com\/index.php\/en-us\/interim-management-3\/#breadcrumb"},"inLanguage":"fr-FR","potentialAction":[{"@type":"ReadAction","target":["https:\/\/veroniquejoubert.com\/index.php\/en-us\/interim-management-3\/"]}]},{"@type":"ImageObject","inLanguage":"fr-FR","@id":"https:\/\/veroniquejoubert.com\/index.php\/en-us\/interim-management-3\/#primaryimage","url":"https:\/\/veroniquejoubert.com\/wp-content\/uploads\/2020\/04\/Unilever_LOGO_500x500px.png","contentUrl":"https:\/\/veroniquejoubert.com\/wp-content\/uploads\/2020\/04\/Unilever_LOGO_500x500px.png","width":500,"height":500},{"@type":"BreadcrumbList","@id":"https:\/\/veroniquejoubert.com\/index.php\/en-us\/interim-management-3\/#breadcrumb","itemListElement":[{"@type":"ListItem","position":1,"name":"Accueil","item":"https:\/\/veroniquejoubert.com\/"},{"@type":"ListItem","position":2,"name":"Interim Management"}]},{"@type":"WebSite","@id":"https:\/\/veroniquejoubert.com\/#website","url":"https:\/\/veroniquejoubert.com\/","name":"V\u00e9ronique Joubert","description":"","publisher":{"@id":"https:\/\/veroniquejoubert.com\/#organization"},"potentialAction":[{"@type":"SearchAction","target":{"@type":"EntryPoint","urlTemplate":"https:\/\/veroniquejoubert.com\/?s={search_term_string}"},"query-input":{"@type":"PropertyValueSpecification","valueRequired":true,"valueName":"search_term_string"}}],"inLanguage":"fr-FR"},{"@type":"Organization","@id":"https:\/\/veroniquejoubert.com\/#organization","name":"V\u00e9ronique Joubert","url":"https:\/\/veroniquejoubert.com\/","logo":{"@type":"ImageObject","inLanguage":"fr-FR","@id":"https:\/\/veroniquejoubert.com\/#\/schema\/logo\/image\/","url":"https:\/\/veroniquejoubert.com\/wp-content\/uploads\/2020\/02\/cropped-20191227_VJ_Charte_LOGO_VECTO_WHITE-1.png","contentUrl":"https:\/\/veroniquejoubert.com\/wp-content\/uploads\/2020\/02\/cropped-20191227_VJ_Charte_LOGO_VECTO_WHITE-1.png","width":3476,"height":250,"caption":"V\u00e9ronique Joubert"},"image":{"@id":"https:\/\/veroniquejoubert.com\/#\/schema\/logo\/image\/"}}]}},"_links":{"self":[{"href":"https:\/\/veroniquejoubert.com\/index.php\/wp-json\/wp\/v2\/pages\/371","targetHints":{"allow":["GET"]}}],"collection":[{"href":"https:\/\/veroniquejoubert.com\/index.php\/wp-json\/wp\/v2\/pages"}],"about":[{"href":"https:\/\/veroniquejoubert.com\/index.php\/wp-json\/wp\/v2\/types\/page"}],"author":[{"embeddable":true,"href":"https:\/\/veroniquejoubert.com\/index.php\/wp-json\/wp\/v2\/users\/1"}],"replies":[{"embeddable":true,"href":"https:\/\/veroniquejoubert.com\/index.php\/wp-json\/wp\/v2\/comments?post=371"}],"version-history":[{"count":10,"href":"https:\/\/veroniquejoubert.com\/index.php\/wp-json\/wp\/v2\/pages\/371\/revisions"}],"predecessor-version":[{"id":590,"href":"https:\/\/veroniquejoubert.com\/index.php\/wp-json\/wp\/v2\/pages\/371\/revisions\/590"}],"wp:attachment":[{"href":"https:\/\/veroniquejoubert.com\/index.php\/wp-json\/wp\/v2\/media?parent=371"}],"curies":[{"name":"wp","href":"https:\/\/api.w.org\/{rel}","templated":true}]}}