{"id":420,"date":"2021-09-16T09:56:56","date_gmt":"2021-09-16T07:56:56","guid":{"rendered":"https:\/\/veroniquejoubert.com\/?page_id=287"},"modified":"2024-04-28T19:40:51","modified_gmt":"2024-04-28T17:40:51","slug":"referenties-2","status":"publish","type":"page","link":"https:\/\/veroniquejoubert.com\/index.php\/nl-nl\/referenties-2\/","title":{"rendered":"VERWIJZINGEN"},"content":{"rendered":"\n<p><span style=\"text-decoration: underline;\">REFERENTIES &#8211; INTERIM MANAGEMENT<\/span><\/p>\n\n\n\n<p>\u00ab\u00a0Ik had het genoegen om een jaar met Veronique te werken bij Volvo Construction Equipment, waar ze bij ons kwam werken als HR Generalist. Met veel energie en enthousiasme bracht Veronique altijd een positieve vibe op kantoor. Als een snelle en enthousiaste leerling verwierf ze gemakkelijk de nodige kennis over nieuwe onderwerpen voordat ze in de details van die cases dook. Met goede projectmanagementvaardigheden was Veronique in staat om verschillende nieuwe structuren op te zetten, waaronder het nemen van verantwoordelijkheden voor de administratieve zaken die bij deze projecten komen. Door de huidige taken te vertalen naar procedures en beleid, helpt de langetermijnori\u00ebntatie van Veronique het bedrijf om in de loop van de tijd duurzamer te worden.\u00a0\u00bb<br>Marie-Pierre, VP HR Management, <strong>Volvo Construction Equipment<\/strong><\/p>\n\n\n\n<p>\u00ab\u00a0Ik wilde alleen maar getuigen van de grote tevredenheid van de teams die het genoegen hadden om met V\u00e9ronique bij Unilever samen te werken als onderdeel van haar missie met ons. V\u00e9ronique integreerde snel in het HR-team, maar hield ook rekening met de complexiteit van onze matrixorganisatie om haar missie zo goed mogelijk uit te voeren. Ze bracht veel structuur en discipline in ons wervingsproces en zorgde tegelijkertijd voor naleving van onze interne tools. Ze heeft ook veel toegevoegde waarde gebracht dankzij haar ervaring in het veld en de ondersteuning van managers.\u00a0\u00bb<\/p>\n\n\n\n<p>Sophie, Algemeen Directeur <strong>Unilever Belux<\/strong><\/p>\n\n\n\n<p><span style=\"text-decoration: underline;\">REFERENTIES COACHING<\/span><\/p>\n\n\n\n<p>\u00ab\u00a0Dankzij deze coaching heb ik vertrouwen gekregen in mezelf en mijn capaciteiten en tegelijkertijd mijn managementvaardigheden concreet ontwikkeld.\u00a0\u00bb<br>Victoria, <strong>Adjunct-Directeur<\/strong><\/p>\n\n\n\n<p>\u00ab\u00a0Ik zag het einde van de tunnel niet over de professionele moeilijkheden waarmee ik werd geconfronteerd. De paar coachingsessies stelden me in staat om een stap terug te doen, te begrijpen wat er op het spel stond en in mezelf de oplossingen te vinden om eruit te komen, dankzij het aandachtige en welwillende luisteren van V\u00e9ronique.\u00a0\u00bb <br> Marcel, <strong>Directeur<\/strong><\/p>\n\n\n\n<p>\u00ab\u00a0Ik werd de manager van mijn collega&rsquo;s en mijn begin was niet gemakkelijk. Dankzij een paar coachingsessies met V\u00e9ronique overwon ik mijn moeilijkheden, herwon ik het vertrouwen in mijn vermogen om een team te leiden. Dankzij de oefeningen en tools die V\u00e9ronique voorstelde, vond ik oplossingen die ik vandaag nog steeds gebruik om de problemen op te lossen die inherent zijn aan mijn nieuwe functie.\u00a0\u00bb <br>Isabelle, <strong>Manager<\/strong><\/p>\n\n\n\n<p>\u00ab\u00a0Ik deed een beroep op V\u00e9ronique Joubert op aanraden van een vriendin, HR Business Partner in een grote internationale groep en die de kans had gekregen om met haar samen te werken. Vanaf onze eerste ontmoeting was V\u00e9ronique zeer attent en benadrukte ze het belang van een echte chemie tussen coach en coachee, zodat vooruitgang tastbaar is. De alchemie was zodanig dat we gedurende 9 maanden samenwerkten met behulp van zeer concrete en herbruikbare hulpmiddelen op een dagelijkse basis die me vandaag in staat stellen om situaties van \u00ab\u00a0overbelasting\u00a0\u00bb te beheren. Het is dankzij V\u00e9ronique dat ik mijn persoonlijke \u00ab\u00a0software\u00a0\u00bb van de werking in de professionele, familiale en vriendelijke sfeer begreep en die me tot dit gevoel van overwerk deed komen. Door deze software te kennen, kon ik alleen de goede elementen behouden en de slechte verwijderen dankzij de tools van V\u00e9ronique. 10\/10!\u00a0\u00bb<br>Betty, <strong>Sales Director Europa\/Latijns-Amerika<\/strong>.<\/p>\n\n\n\n<p>\u00ab\u00a0Hoi V\u00e9ronique, nogmaals bedankt voor de coaching vorig jaar, die heeft me echt geholpen! Ondertussen maak ik nu deel uit van het directiecomit\u00e9 en ben ik gepromoveerd. Daar ben ik heel blij mee.\u00a0\u00bb <br>Antoine, <strong>Digital marketing manager in de automotive sector<\/strong><\/p>\n\n\n\n<p>Ik ben begonnen met coaching omdat ik mezelf niet meer kon waarmaken in mijn werk. Ik had veel frustraties en had het vertrouwen in mijn capaciteiten verloren. Ik was enorm gestrest. Op zulke momenten heb je niet per se iemand nodig die je de antwoorden dicteert, maar eerder iemand die je de juiste vragen stelt om je te helpen je bewust te worden van wat er aan de hand is.&nbsp;Ik was naar V\u00e9ronique gekomen om me te helpen nieuwe carri\u00e8remogelijkheden te vinden die beter bij me zouden passen. V\u00e9ronique pakte de situatie in de juiste volgorde aan: ze hielp me te defini\u00ebren wat me frustreerde, wat een stimulerende omgeving voor me is, wat ik zoek als belangrijke criteria voor voldoening. We onderzochten mijn sterke punten met behulp van een aantal tools. We bepaalden het soort baan dat deze sterke punten gebruikt en de stijl van het bedrijf die gunstig voor mij zou kunnen zijn. Het bleek dat tegen het einde van de coachingsessie mijn werkomgeving rustiger was geworden. Ik stelde deze nieuwe functie voor aan mijn management, waarbij ik alle idee\u00ebn gebruikte die ik met V\u00e9ronique had voorbereid. Ik ben blij te kunnen zeggen dat ik me nu veel beter voel. Het kostte 5 of 6 coachingsessies om zover te komen. Er was veel tussentijdse persoonlijke reflectie dankzij de oefeningen tussen de sessies. Ik zal niet aarzelen om weer hulp te zoeken als de weg nog vol twijfels is! Heel erg bedankt! <br>H\u00e9l\u00e8ne, <strong>Chief Operating Officer,<\/strong> KMO<\/p>\n\n\n\n<p>Ik kan V\u00e9ronique van harte aanbevelen voor haar uitzonderlijke ondersteuning tijdens mijn management coaching en training. Haar vermogen om een vertrouwensrelatie op te bouwen en haar persoonlijke follow-up hebben enorm bijgedragen aan mijn succes in mijn nieuwe functie. Haar professionalisme en expertise waren tijdens het hele proces van onschatbare waarde. Dankzij haar gedegen advies en constante ondersteuning heb ik mijn managementvaardigheden aanzienlijk kunnen ontwikkelen en heb ik nu het gevoel dat ik op de juiste plek zit.&nbsp;<br>Isabelle, <strong>Manager,<\/strong> ziekenhuissector<\/p>\n\n\n\n<p><span style=\"text-decoration: underline;\">REFERENTIES (persoonlijkheidsvragenlijst M.B.T.I.)<\/span><\/p>\n\n\n\n<p>\u00ab\u00a0Het invullen van de MBTI-vragenlijst en de debriefingssessie heeft me geholpen om een beter begrip te krijgen van de voorkeuren waaruit mijn persoonlijkheid bestaat. Ik begrijp beter de verschillen met de persoonlijkheden van de mensen met wie ik samenwerk en ik kan mijn gedrag aanpassen in plaats van in conflict te raken, bijvoorbeeld door empathie te tonen.\u00a0\u00bb<br>Mathieu, <strong>student <\/strong>bij ICHEC<\/p>\n\n\n\n<p>Het invullen van de MBTI-persoonlijkheidsvragenlijst, gevolgd door een persoonlijke debriefing met V\u00e9ronique, bevestigde een aantal aspecten van mijn persoonlijkheid die ik al langer aanvoelde. Het stelde me ook in staat om mezelf toe te staan bepaalde houdingen aan te nemen waar ik soms tegenop zag. Kortom, de sessie heeft me in staat gesteld om mezelf veel beter te leren kennen en dus om Socrates&rsquo; voorschrift \u00ab\u00a0ken uzelf\u00a0\u00bb toe te passen.\u00a0<br>Nicolas, <strong>expert freelancer<\/strong><\/p>\n\n\n\n<p>MBTI: een prachtige ontdekking van mijn persoonlijkheids-DNA, mijn natuurlijke sterktes en mijn verbeterpunten. De resultaten hebben me versteld doen staan. Het versterkt mijn zelfvertrouwen en geeft me de tools om beter met anderen om te gaan, vooral met degenen die een heel andere benadering hebben dan ik. Hartelijk dank.<br>Caroline, <strong>dokter<\/strong><\/p>\n","protected":false},"excerpt":{"rendered":"<p>REFERENTIES &#8211; INTERIM MANAGEMENT \u00ab\u00a0Ik had het genoegen om een jaar met Veronique te werken bij Volvo Construction Equipment, waar ze bij ons kwam werken als HR Generalist. Met veel energie en enthousiasme bracht Veronique altijd een positieve vibe op kantoor. Als een snelle en enthousiaste leerling verwierf ze gemakkelijk de nodige kennis over nieuwe &hellip; <\/p>\n<p class=\"link-more\"><a href=\"https:\/\/veroniquejoubert.com\/index.php\/nl-nl\/referenties-2\/\" class=\"more-link\">Continuer la lecture<span class=\"screen-reader-text\"> de &laquo;&nbsp;VERWIJZINGEN&nbsp;&raquo;<\/span><\/a><\/p>\n","protected":false},"author":1,"featured_media":0,"parent":0,"menu_order":0,"comment_status":"closed","ping_status":"closed","template":"","meta":{"footnotes":""},"class_list":["post-420","page","type-page","status-publish","hentry"],"yoast_head":"<!-- This site is optimized with the Yoast SEO plugin v27.4 - https:\/\/yoast.com\/product\/yoast-seo-wordpress\/ -->\n<title>V\u00e9ronique JoubertVERWIJZINGEN - V\u00e9ronique Joubert<\/title>\n<meta name=\"description\" content=\"Passionn\u00e9e par l\u2019Humain, son d\u00e9veloppement et son \u00e9quilibre, je suis form\u00e9e en gestion des ressources humaines (ICHEC Brussels Management School), certifi\u00e9e en leadership et communication (Dale Carnegie), certifi\u00e9e en questionnaire de personnalit\u00e9 (MBTI), et form\u00e9e au coaching (CFIP).\" \/>\n<meta name=\"robots\" content=\"index, follow, max-snippet:-1, max-image-preview:large, max-video-preview:-1\" \/>\n<link rel=\"canonical\" href=\"https:\/\/veroniquejoubert.com\/index.php\/nl-nl\/referenties-2\/\" \/>\n<meta property=\"og:locale\" content=\"fr_FR\" \/>\n<meta property=\"og:type\" content=\"article\" \/>\n<meta property=\"og:title\" content=\"V\u00e9ronique JoubertVERWIJZINGEN - V\u00e9ronique Joubert\" \/>\n<meta property=\"og:description\" content=\"Passionn\u00e9e par l\u2019Humain, son d\u00e9veloppement et son \u00e9quilibre, je suis form\u00e9e en gestion des ressources humaines (ICHEC Brussels Management School), certifi\u00e9e en leadership et communication (Dale Carnegie), certifi\u00e9e en questionnaire de personnalit\u00e9 (MBTI), et form\u00e9e au coaching (CFIP).\" \/>\n<meta property=\"og:url\" content=\"https:\/\/veroniquejoubert.com\/index.php\/nl-nl\/referenties-2\/\" \/>\n<meta property=\"og:site_name\" content=\"V\u00e9ronique Joubert\" \/>\n<meta property=\"article:modified_time\" content=\"2024-04-28T17:40:51+00:00\" \/>\n<meta name=\"twitter:card\" content=\"summary_large_image\" \/>\n<meta name=\"twitter:label1\" content=\"Dur\u00e9e de lecture estim\u00e9e\" \/>\n\t<meta name=\"twitter:data1\" content=\"6 minutes\" \/>\n<script type=\"application\/ld+json\" class=\"yoast-schema-graph\">{\"@context\":\"https:\\\/\\\/schema.org\",\"@graph\":[{\"@type\":\"WebPage\",\"@id\":\"https:\\\/\\\/veroniquejoubert.com\\\/index.php\\\/nl-nl\\\/referenties-2\\\/\",\"url\":\"https:\\\/\\\/veroniquejoubert.com\\\/index.php\\\/nl-nl\\\/referenties-2\\\/\",\"name\":\"V\u00e9ronique JoubertVERWIJZINGEN - V\u00e9ronique Joubert\",\"isPartOf\":{\"@id\":\"https:\\\/\\\/veroniquejoubert.com\\\/#website\"},\"datePublished\":\"2021-09-16T07:56:56+00:00\",\"dateModified\":\"2024-04-28T17:40:51+00:00\",\"description\":\"Passionn\u00e9e par l\u2019Humain, son d\u00e9veloppement et son \u00e9quilibre, je suis form\u00e9e en gestion des ressources humaines (ICHEC Brussels Management School), certifi\u00e9e en leadership et communication (Dale Carnegie), certifi\u00e9e en questionnaire de personnalit\u00e9 (MBTI), et form\u00e9e au coaching (CFIP).\",\"breadcrumb\":{\"@id\":\"https:\\\/\\\/veroniquejoubert.com\\\/index.php\\\/nl-nl\\\/referenties-2\\\/#breadcrumb\"},\"inLanguage\":\"fr-FR\",\"potentialAction\":[{\"@type\":\"ReadAction\",\"target\":[\"https:\\\/\\\/veroniquejoubert.com\\\/index.php\\\/nl-nl\\\/referenties-2\\\/\"]}]},{\"@type\":\"BreadcrumbList\",\"@id\":\"https:\\\/\\\/veroniquejoubert.com\\\/index.php\\\/nl-nl\\\/referenties-2\\\/#breadcrumb\",\"itemListElement\":[{\"@type\":\"ListItem\",\"position\":1,\"name\":\"Accueil\",\"item\":\"https:\\\/\\\/veroniquejoubert.com\\\/\"},{\"@type\":\"ListItem\",\"position\":2,\"name\":\"VERWIJZINGEN\"}]},{\"@type\":\"WebSite\",\"@id\":\"https:\\\/\\\/veroniquejoubert.com\\\/#website\",\"url\":\"https:\\\/\\\/veroniquejoubert.com\\\/\",\"name\":\"V\u00e9ronique Joubert\",\"description\":\"\",\"publisher\":{\"@id\":\"https:\\\/\\\/veroniquejoubert.com\\\/#organization\"},\"potentialAction\":[{\"@type\":\"SearchAction\",\"target\":{\"@type\":\"EntryPoint\",\"urlTemplate\":\"https:\\\/\\\/veroniquejoubert.com\\\/?s={search_term_string}\"},\"query-input\":{\"@type\":\"PropertyValueSpecification\",\"valueRequired\":true,\"valueName\":\"search_term_string\"}}],\"inLanguage\":\"fr-FR\"},{\"@type\":\"Organization\",\"@id\":\"https:\\\/\\\/veroniquejoubert.com\\\/#organization\",\"name\":\"V\u00e9ronique Joubert\",\"url\":\"https:\\\/\\\/veroniquejoubert.com\\\/\",\"logo\":{\"@type\":\"ImageObject\",\"inLanguage\":\"fr-FR\",\"@id\":\"https:\\\/\\\/veroniquejoubert.com\\\/#\\\/schema\\\/logo\\\/image\\\/\",\"url\":\"https:\\\/\\\/veroniquejoubert.com\\\/wp-content\\\/uploads\\\/2020\\\/02\\\/cropped-20191227_VJ_Charte_LOGO_VECTO_WHITE-1.png\",\"contentUrl\":\"https:\\\/\\\/veroniquejoubert.com\\\/wp-content\\\/uploads\\\/2020\\\/02\\\/cropped-20191227_VJ_Charte_LOGO_VECTO_WHITE-1.png\",\"width\":3476,\"height\":250,\"caption\":\"V\u00e9ronique Joubert\"},\"image\":{\"@id\":\"https:\\\/\\\/veroniquejoubert.com\\\/#\\\/schema\\\/logo\\\/image\\\/\"}}]}<\/script>\n<!-- \/ Yoast SEO plugin. -->","yoast_head_json":{"title":"V\u00e9ronique JoubertVERWIJZINGEN - V\u00e9ronique Joubert","description":"Passionn\u00e9e par l\u2019Humain, son d\u00e9veloppement et son \u00e9quilibre, je suis form\u00e9e en gestion des ressources humaines (ICHEC Brussels Management School), certifi\u00e9e en leadership et communication (Dale Carnegie), certifi\u00e9e en questionnaire de personnalit\u00e9 (MBTI), et form\u00e9e au coaching (CFIP).","robots":{"index":"index","follow":"follow","max-snippet":"max-snippet:-1","max-image-preview":"max-image-preview:large","max-video-preview":"max-video-preview:-1"},"canonical":"https:\/\/veroniquejoubert.com\/index.php\/nl-nl\/referenties-2\/","og_locale":"fr_FR","og_type":"article","og_title":"V\u00e9ronique JoubertVERWIJZINGEN - V\u00e9ronique Joubert","og_description":"Passionn\u00e9e par l\u2019Humain, son d\u00e9veloppement et son \u00e9quilibre, je suis form\u00e9e en gestion des ressources humaines (ICHEC Brussels Management School), certifi\u00e9e en leadership et communication (Dale Carnegie), certifi\u00e9e en questionnaire de personnalit\u00e9 (MBTI), et form\u00e9e au coaching (CFIP).","og_url":"https:\/\/veroniquejoubert.com\/index.php\/nl-nl\/referenties-2\/","og_site_name":"V\u00e9ronique Joubert","article_modified_time":"2024-04-28T17:40:51+00:00","twitter_card":"summary_large_image","twitter_misc":{"Dur\u00e9e de lecture estim\u00e9e":"6 minutes"},"schema":{"@context":"https:\/\/schema.org","@graph":[{"@type":"WebPage","@id":"https:\/\/veroniquejoubert.com\/index.php\/nl-nl\/referenties-2\/","url":"https:\/\/veroniquejoubert.com\/index.php\/nl-nl\/referenties-2\/","name":"V\u00e9ronique JoubertVERWIJZINGEN - V\u00e9ronique Joubert","isPartOf":{"@id":"https:\/\/veroniquejoubert.com\/#website"},"datePublished":"2021-09-16T07:56:56+00:00","dateModified":"2024-04-28T17:40:51+00:00","description":"Passionn\u00e9e par l\u2019Humain, son d\u00e9veloppement et son \u00e9quilibre, je suis form\u00e9e en gestion des ressources humaines (ICHEC Brussels Management School), certifi\u00e9e en leadership et communication (Dale Carnegie), certifi\u00e9e en questionnaire de personnalit\u00e9 (MBTI), et form\u00e9e au coaching (CFIP).","breadcrumb":{"@id":"https:\/\/veroniquejoubert.com\/index.php\/nl-nl\/referenties-2\/#breadcrumb"},"inLanguage":"fr-FR","potentialAction":[{"@type":"ReadAction","target":["https:\/\/veroniquejoubert.com\/index.php\/nl-nl\/referenties-2\/"]}]},{"@type":"BreadcrumbList","@id":"https:\/\/veroniquejoubert.com\/index.php\/nl-nl\/referenties-2\/#breadcrumb","itemListElement":[{"@type":"ListItem","position":1,"name":"Accueil","item":"https:\/\/veroniquejoubert.com\/"},{"@type":"ListItem","position":2,"name":"VERWIJZINGEN"}]},{"@type":"WebSite","@id":"https:\/\/veroniquejoubert.com\/#website","url":"https:\/\/veroniquejoubert.com\/","name":"V\u00e9ronique Joubert","description":"","publisher":{"@id":"https:\/\/veroniquejoubert.com\/#organization"},"potentialAction":[{"@type":"SearchAction","target":{"@type":"EntryPoint","urlTemplate":"https:\/\/veroniquejoubert.com\/?s={search_term_string}"},"query-input":{"@type":"PropertyValueSpecification","valueRequired":true,"valueName":"search_term_string"}}],"inLanguage":"fr-FR"},{"@type":"Organization","@id":"https:\/\/veroniquejoubert.com\/#organization","name":"V\u00e9ronique Joubert","url":"https:\/\/veroniquejoubert.com\/","logo":{"@type":"ImageObject","inLanguage":"fr-FR","@id":"https:\/\/veroniquejoubert.com\/#\/schema\/logo\/image\/","url":"https:\/\/veroniquejoubert.com\/wp-content\/uploads\/2020\/02\/cropped-20191227_VJ_Charte_LOGO_VECTO_WHITE-1.png","contentUrl":"https:\/\/veroniquejoubert.com\/wp-content\/uploads\/2020\/02\/cropped-20191227_VJ_Charte_LOGO_VECTO_WHITE-1.png","width":3476,"height":250,"caption":"V\u00e9ronique Joubert"},"image":{"@id":"https:\/\/veroniquejoubert.com\/#\/schema\/logo\/image\/"}}]}},"_links":{"self":[{"href":"https:\/\/veroniquejoubert.com\/index.php\/wp-json\/wp\/v2\/pages\/420","targetHints":{"allow":["GET"]}}],"collection":[{"href":"https:\/\/veroniquejoubert.com\/index.php\/wp-json\/wp\/v2\/pages"}],"about":[{"href":"https:\/\/veroniquejoubert.com\/index.php\/wp-json\/wp\/v2\/types\/page"}],"author":[{"embeddable":true,"href":"https:\/\/veroniquejoubert.com\/index.php\/wp-json\/wp\/v2\/users\/1"}],"replies":[{"embeddable":true,"href":"https:\/\/veroniquejoubert.com\/index.php\/wp-json\/wp\/v2\/comments?post=420"}],"version-history":[{"count":9,"href":"https:\/\/veroniquejoubert.com\/index.php\/wp-json\/wp\/v2\/pages\/420\/revisions"}],"predecessor-version":[{"id":657,"href":"https:\/\/veroniquejoubert.com\/index.php\/wp-json\/wp\/v2\/pages\/420\/revisions\/657"}],"wp:attachment":[{"href":"https:\/\/veroniquejoubert.com\/index.php\/wp-json\/wp\/v2\/media?parent=420"}],"curies":[{"name":"wp","href":"https:\/\/api.w.org\/{rel}","templated":true}]}}