{"id":456,"date":"2020-04-02T09:41:01","date_gmt":"2020-04-02T07:41:01","guid":{"rendered":"http:\/\/veroniquejoubert.com\/?page_id=145"},"modified":"2020-04-02T09:41:01","modified_gmt":"2020-04-02T07:41:01","slug":"training-2","status":"publish","type":"page","link":"https:\/\/veroniquejoubert.com\/index.php\/en-us\/training-2\/","title":{"rendered":"Training"},"content":{"rendered":"\n<p>From time to time, I form with great enthusiasm a group or a team in a company or at the university.\u00a0<\/p>\n\n\n\n<p>My favorite themes are:<\/p>\n\n\n\n<ul class=\"wp-block-list\"><li>Time and priority management;<\/li><li>Assertive communication;<\/li><li>Conflict management.<\/li><\/ul>\n\n\n\n<p>I have been collaborating for several years with Anne Servais on these themes, beautifully developed by Sagittarius RH: <a href=\"https:\/\/www.sagittarius-hr.be\/formations\/\">https:\/\/www.sagittarius-hr.be\/formations\/<\/a> and <a href=\"https:\/\/www.sagittarius-hr.be\/formations-en-ligne\/\">https:\/\/www.sagittarius-hr.be\/formations-en-ligne\/<\/a><\/p>\n\n\n\n<p>For the following themes, I have developed interactive <strong>workshops<\/strong> myself:<\/p>\n\n\n\n<ul class=\"wp-block-list\"><li>&quot;Interview techniques&quot; (for hiring managers)<\/li><li>&quot;Prepare your interviews&quot; (for candidates).<\/li><\/ul>\n\n\n\n<p>I rely on my extensive experience as a recruitment manager of various profiles, recruited in Belgium and around the world for private companies.\u00a0<\/p>\n\n\n\n<p>I organize <strong>the following workshop<\/strong> for individuals, groups or teams:<\/p>\n\n\n\n<ul class=\"wp-block-list\"><li>&quot;The discovery of your MBTI type&quot; (Myers Briggs Type Indicator is a personality questionnaire), of which I am a certified practitioner) &quot;.\u00a0<\/li><\/ul>\n\n\n\n<p>I lead these trainings &amp; workshops in French and English. The formats are developed for <strong>face-to-face<\/strong> and have been adapted in 2020 to be given also <strong>virtually.<\/strong><\/p>\n","protected":false},"excerpt":{"rendered":"<p>From time to time, I form with great enthusiasm a group or a team in a company or at the university.\u00a0 My favorite themes are: Time and priority management; Assertive communication; Conflict management. I have been collaborating for several years with Anne Servais on these themes, beautifully developed by Sagittarius RH: https:\/\/www.sagittarius-hr.be\/formations\/ and https:\/\/www.sagittarius-hr.be\/formations-en-ligne\/ For &hellip; <\/p>\n<p class=\"link-more\"><a href=\"https:\/\/veroniquejoubert.com\/index.php\/en-us\/training-2\/\" class=\"more-link\">Continuer la lecture<span class=\"screen-reader-text\"> de &laquo;&nbsp;Training&nbsp;&raquo;<\/span><\/a><\/p>\n","protected":false},"author":1,"featured_media":0,"parent":0,"menu_order":0,"comment_status":"closed","ping_status":"closed","template":"","meta":{"footnotes":""},"class_list":["post-456","page","type-page","status-publish","hentry"],"yoast_head":"<!-- This site is optimized with the Yoast SEO plugin v27.4 - https:\/\/yoast.com\/product\/yoast-seo-wordpress\/ -->\n<title>V\u00e9ronique JoubertTraining - V\u00e9ronique Joubert<\/title>\n<meta name=\"description\" content=\"Passionn\u00e9e par l\u2019Humain, son d\u00e9veloppement et son \u00e9quilibre, je suis form\u00e9e en gestion des ressources humaines (ICHEC Brussels Management School), certifi\u00e9e en leadership et communication (Dale Carnegie), certifi\u00e9e en questionnaire de personnalit\u00e9 (MBTI), et form\u00e9e au coaching (CFIP).\" \/>\n<meta name=\"robots\" content=\"index, follow, max-snippet:-1, max-image-preview:large, max-video-preview:-1\" \/>\n<link rel=\"canonical\" href=\"https:\/\/veroniquejoubert.com\/index.php\/en-us\/training-2\/\" \/>\n<meta property=\"og:locale\" content=\"fr_FR\" \/>\n<meta property=\"og:type\" content=\"article\" \/>\n<meta property=\"og:title\" content=\"V\u00e9ronique JoubertTraining - V\u00e9ronique Joubert\" \/>\n<meta property=\"og:description\" content=\"Passionn\u00e9e par l\u2019Humain, son d\u00e9veloppement et son \u00e9quilibre, je suis form\u00e9e en gestion des ressources humaines (ICHEC Brussels Management School), certifi\u00e9e en leadership et communication (Dale Carnegie), certifi\u00e9e en questionnaire de personnalit\u00e9 (MBTI), et form\u00e9e au coaching (CFIP).\" \/>\n<meta property=\"og:url\" content=\"https:\/\/veroniquejoubert.com\/index.php\/en-us\/training-2\/\" \/>\n<meta property=\"og:site_name\" content=\"V\u00e9ronique Joubert\" \/>\n<meta name=\"twitter:card\" content=\"summary_large_image\" \/>\n<meta name=\"twitter:label1\" content=\"Dur\u00e9e de lecture estim\u00e9e\" \/>\n\t<meta name=\"twitter:data1\" content=\"1 minute\" \/>\n<script type=\"application\/ld+json\" class=\"yoast-schema-graph\">{\"@context\":\"https:\\\/\\\/schema.org\",\"@graph\":[{\"@type\":\"WebPage\",\"@id\":\"https:\\\/\\\/veroniquejoubert.com\\\/index.php\\\/en-us\\\/training-2\\\/\",\"url\":\"https:\\\/\\\/veroniquejoubert.com\\\/index.php\\\/en-us\\\/training-2\\\/\",\"name\":\"V\u00e9ronique JoubertTraining - V\u00e9ronique Joubert\",\"isPartOf\":{\"@id\":\"https:\\\/\\\/veroniquejoubert.com\\\/#website\"},\"datePublished\":\"2020-04-02T07:41:01+00:00\",\"description\":\"Passionn\u00e9e par l\u2019Humain, son d\u00e9veloppement et son \u00e9quilibre, je suis form\u00e9e en gestion des ressources humaines (ICHEC Brussels Management School), certifi\u00e9e en leadership et communication (Dale Carnegie), certifi\u00e9e en questionnaire de personnalit\u00e9 (MBTI), et form\u00e9e au coaching (CFIP).\",\"breadcrumb\":{\"@id\":\"https:\\\/\\\/veroniquejoubert.com\\\/index.php\\\/en-us\\\/training-2\\\/#breadcrumb\"},\"inLanguage\":\"fr-FR\",\"potentialAction\":[{\"@type\":\"ReadAction\",\"target\":[\"https:\\\/\\\/veroniquejoubert.com\\\/index.php\\\/en-us\\\/training-2\\\/\"]}]},{\"@type\":\"BreadcrumbList\",\"@id\":\"https:\\\/\\\/veroniquejoubert.com\\\/index.php\\\/en-us\\\/training-2\\\/#breadcrumb\",\"itemListElement\":[{\"@type\":\"ListItem\",\"position\":1,\"name\":\"Accueil\",\"item\":\"https:\\\/\\\/veroniquejoubert.com\\\/\"},{\"@type\":\"ListItem\",\"position\":2,\"name\":\"Training\"}]},{\"@type\":\"WebSite\",\"@id\":\"https:\\\/\\\/veroniquejoubert.com\\\/#website\",\"url\":\"https:\\\/\\\/veroniquejoubert.com\\\/\",\"name\":\"V\u00e9ronique Joubert\",\"description\":\"\",\"publisher\":{\"@id\":\"https:\\\/\\\/veroniquejoubert.com\\\/#organization\"},\"potentialAction\":[{\"@type\":\"SearchAction\",\"target\":{\"@type\":\"EntryPoint\",\"urlTemplate\":\"https:\\\/\\\/veroniquejoubert.com\\\/?s={search_term_string}\"},\"query-input\":{\"@type\":\"PropertyValueSpecification\",\"valueRequired\":true,\"valueName\":\"search_term_string\"}}],\"inLanguage\":\"fr-FR\"},{\"@type\":\"Organization\",\"@id\":\"https:\\\/\\\/veroniquejoubert.com\\\/#organization\",\"name\":\"V\u00e9ronique Joubert\",\"url\":\"https:\\\/\\\/veroniquejoubert.com\\\/\",\"logo\":{\"@type\":\"ImageObject\",\"inLanguage\":\"fr-FR\",\"@id\":\"https:\\\/\\\/veroniquejoubert.com\\\/#\\\/schema\\\/logo\\\/image\\\/\",\"url\":\"https:\\\/\\\/veroniquejoubert.com\\\/wp-content\\\/uploads\\\/2020\\\/02\\\/cropped-20191227_VJ_Charte_LOGO_VECTO_WHITE-1.png\",\"contentUrl\":\"https:\\\/\\\/veroniquejoubert.com\\\/wp-content\\\/uploads\\\/2020\\\/02\\\/cropped-20191227_VJ_Charte_LOGO_VECTO_WHITE-1.png\",\"width\":3476,\"height\":250,\"caption\":\"V\u00e9ronique Joubert\"},\"image\":{\"@id\":\"https:\\\/\\\/veroniquejoubert.com\\\/#\\\/schema\\\/logo\\\/image\\\/\"}}]}<\/script>\n<!-- \/ Yoast SEO plugin. -->","yoast_head_json":{"title":"V\u00e9ronique JoubertTraining - V\u00e9ronique Joubert","description":"Passionn\u00e9e par l\u2019Humain, son d\u00e9veloppement et son \u00e9quilibre, je suis form\u00e9e en gestion des ressources humaines (ICHEC Brussels Management School), certifi\u00e9e en leadership et communication (Dale Carnegie), certifi\u00e9e en questionnaire de personnalit\u00e9 (MBTI), et form\u00e9e au coaching (CFIP).","robots":{"index":"index","follow":"follow","max-snippet":"max-snippet:-1","max-image-preview":"max-image-preview:large","max-video-preview":"max-video-preview:-1"},"canonical":"https:\/\/veroniquejoubert.com\/index.php\/en-us\/training-2\/","og_locale":"fr_FR","og_type":"article","og_title":"V\u00e9ronique JoubertTraining - V\u00e9ronique Joubert","og_description":"Passionn\u00e9e par l\u2019Humain, son d\u00e9veloppement et son \u00e9quilibre, je suis form\u00e9e en gestion des ressources humaines (ICHEC Brussels Management School), certifi\u00e9e en leadership et communication (Dale Carnegie), certifi\u00e9e en questionnaire de personnalit\u00e9 (MBTI), et form\u00e9e au coaching (CFIP).","og_url":"https:\/\/veroniquejoubert.com\/index.php\/en-us\/training-2\/","og_site_name":"V\u00e9ronique Joubert","twitter_card":"summary_large_image","twitter_misc":{"Dur\u00e9e de lecture estim\u00e9e":"1 minute"},"schema":{"@context":"https:\/\/schema.org","@graph":[{"@type":"WebPage","@id":"https:\/\/veroniquejoubert.com\/index.php\/en-us\/training-2\/","url":"https:\/\/veroniquejoubert.com\/index.php\/en-us\/training-2\/","name":"V\u00e9ronique JoubertTraining - V\u00e9ronique Joubert","isPartOf":{"@id":"https:\/\/veroniquejoubert.com\/#website"},"datePublished":"2020-04-02T07:41:01+00:00","description":"Passionn\u00e9e par l\u2019Humain, son d\u00e9veloppement et son \u00e9quilibre, je suis form\u00e9e en gestion des ressources humaines (ICHEC Brussels Management School), certifi\u00e9e en leadership et communication (Dale Carnegie), certifi\u00e9e en questionnaire de personnalit\u00e9 (MBTI), et form\u00e9e au coaching (CFIP).","breadcrumb":{"@id":"https:\/\/veroniquejoubert.com\/index.php\/en-us\/training-2\/#breadcrumb"},"inLanguage":"fr-FR","potentialAction":[{"@type":"ReadAction","target":["https:\/\/veroniquejoubert.com\/index.php\/en-us\/training-2\/"]}]},{"@type":"BreadcrumbList","@id":"https:\/\/veroniquejoubert.com\/index.php\/en-us\/training-2\/#breadcrumb","itemListElement":[{"@type":"ListItem","position":1,"name":"Accueil","item":"https:\/\/veroniquejoubert.com\/"},{"@type":"ListItem","position":2,"name":"Training"}]},{"@type":"WebSite","@id":"https:\/\/veroniquejoubert.com\/#website","url":"https:\/\/veroniquejoubert.com\/","name":"V\u00e9ronique Joubert","description":"","publisher":{"@id":"https:\/\/veroniquejoubert.com\/#organization"},"potentialAction":[{"@type":"SearchAction","target":{"@type":"EntryPoint","urlTemplate":"https:\/\/veroniquejoubert.com\/?s={search_term_string}"},"query-input":{"@type":"PropertyValueSpecification","valueRequired":true,"valueName":"search_term_string"}}],"inLanguage":"fr-FR"},{"@type":"Organization","@id":"https:\/\/veroniquejoubert.com\/#organization","name":"V\u00e9ronique Joubert","url":"https:\/\/veroniquejoubert.com\/","logo":{"@type":"ImageObject","inLanguage":"fr-FR","@id":"https:\/\/veroniquejoubert.com\/#\/schema\/logo\/image\/","url":"https:\/\/veroniquejoubert.com\/wp-content\/uploads\/2020\/02\/cropped-20191227_VJ_Charte_LOGO_VECTO_WHITE-1.png","contentUrl":"https:\/\/veroniquejoubert.com\/wp-content\/uploads\/2020\/02\/cropped-20191227_VJ_Charte_LOGO_VECTO_WHITE-1.png","width":3476,"height":250,"caption":"V\u00e9ronique Joubert"},"image":{"@id":"https:\/\/veroniquejoubert.com\/#\/schema\/logo\/image\/"}}]}},"_links":{"self":[{"href":"https:\/\/veroniquejoubert.com\/index.php\/wp-json\/wp\/v2\/pages\/456","targetHints":{"allow":["GET"]}}],"collection":[{"href":"https:\/\/veroniquejoubert.com\/index.php\/wp-json\/wp\/v2\/pages"}],"about":[{"href":"https:\/\/veroniquejoubert.com\/index.php\/wp-json\/wp\/v2\/types\/page"}],"author":[{"embeddable":true,"href":"https:\/\/veroniquejoubert.com\/index.php\/wp-json\/wp\/v2\/users\/1"}],"replies":[{"embeddable":true,"href":"https:\/\/veroniquejoubert.com\/index.php\/wp-json\/wp\/v2\/comments?post=456"}],"version-history":[{"count":0,"href":"https:\/\/veroniquejoubert.com\/index.php\/wp-json\/wp\/v2\/pages\/456\/revisions"}],"wp:attachment":[{"href":"https:\/\/veroniquejoubert.com\/index.php\/wp-json\/wp\/v2\/media?parent=456"}],"curies":[{"name":"wp","href":"https:\/\/api.w.org\/{rel}","templated":true}]}}